{"id":215,"date":"2026-01-20T10:08:16","date_gmt":"2026-01-20T09:08:16","guid":{"rendered":"https:\/\/nicola-gartenpflege.de\/?page_id=215"},"modified":"2026-02-27T08:53:03","modified_gmt":"2026-02-27T07:53:03","slug":"garten-landschaftsbau","status":"publish","type":"page","link":"https:\/\/nicola-gartenpflege.de\/es\/garten-landschaftsbau\/","title":{"rendered":"Jardiner\u00eda y paisajismo"},"content":{"rendered":"<div class=\"et_pb_section_0 et_pb_section et_section_regular et_block_section\"><\/div>\n\n<div class=\"et_pb_section_1 et_pb_section et_section_regular et_block_section\">\n<div class=\"et_pb_row_0 et_pb_row et_flex_row et_animated\">\n<div class=\"et_pb_column_0 et_pb_column et_flex_column et_pb_css_mix_blend_mode_passthrough et_flex_column_3_5 et_flex_column_3_5_tablet et_flex_column_24_24_phone\">\n<div class=\"et_pb_text_0 et_pb_text et_pb_bg_layout_light et_pb_module et_block_module preset--module--divi-text--bmwgw32itw\"><div class=\"et_pb_text_inner\"><h1>Jardiner\u00eda y paisajismo<\/h1>\n<\/div><\/div>\n\n<div class=\"et_pb_text_1 et_pb_text et_pb_bg_layout_light et_pb_module et_block_module preset--module--divi-text--m0tk7064a9\"><div class=\"et_pb_text_inner\"><p><strong>Realizamos horticultura y paisajismo de alta calidad para clientes particulares, empresas y propietarios. Desde la idea inicial hasta el mantenimiento a largo plazo, dise\u00f1amos espacios exteriores funcionales, est\u00e9ticos y sostenibles. Nuestro objetivo es crear jardines y zonas al aire libre que no s\u00f3lo sean visualmente atractivos, sino que tambi\u00e9n duren y conserven su valor a largo plazo.<\/strong><\/p>\n<p>Con conceptos bien pensados, una ejecuci\u00f3n profesional y materiales duraderos, creamos soluciones personalizadas que se adaptan con precisi\u00f3n a la propiedad, el uso y el entorno. Combinamos conocimientos de dise\u00f1o con precisi\u00f3n artesanal y muchos a\u00f1os de experiencia.<\/p>\n<h2>Horticultura con sistema y estructura<\/h2>\n<p>En la horticultura profesional, un jard\u00edn bien cuidado no es una casualidad. Es el resultado de la planificaci\u00f3n, la experiencia y el cuidado continuo. Nos encargamos de redise\u00f1ar jardines, reestructurar espacios verdes existentes y tomar medidas espec\u00edficas para garantizar la vitalidad de las plantas a largo plazo. La poda profesional, el cuidado sostenible del c\u00e9sped y el mantenimiento de setos, arbustos y \u00e1rboles forman parte de ello tanto como los trabajos de acolchado y el esmerado cuidado de los arriates.<\/p>\n<p>Mediante un trabajo regular y ejecutado con precisi\u00f3n, fomentamos un crecimiento sano, mantenemos formas claras y aumentamos el atractivo de su propiedad a largo plazo. Nuestros servicios de paisajismo est\u00e1n dirigidos tanto a propietarios particulares como a empresas, complejos residenciales y propiedades comerciales.<\/p>\n<h2>Paisajismo para instalaciones exteriores funcionales y prestigiosas<\/h2>\n<p>En el campo del paisajismo, dise\u00f1amos zonas exteriores que combinan de forma \u00f3ptima funcionalidad y est\u00e9tica. Ya sean prestigiosas zonas de entrada para empresas, cuidadas \u00e1reas exteriores para complejos residenciales o jardines privados dise\u00f1ados individualmente, creamos soluciones sostenibles con una estructura clara.<\/p>\n<p>Planificamos las zonas al aire libre de forma que no requieran mucho mantenimiento a largo plazo y, al mismo tiempo, transmitan una impresi\u00f3n de alta calidad. Tenemos en cuenta por igual los conceptos de utilizaci\u00f3n, las condiciones del lugar y los requisitos de dise\u00f1o. El resultado son instalaciones exteriores que no s\u00f3lo impresionan hoy, sino que perdurar\u00e1n en el futuro.<\/p>\n<h2>Mantenimiento sostenible de jardines como parte de la horticultura y el paisajismo<\/h2>\n<p>El mantenimiento continuo es un componente central de nuestros servicios de horticultura y paisajismo. Las visitas peri\u00f3dicas de mantenimiento se adaptan al tama\u00f1o de la parcela, la poblaci\u00f3n vegetal y la estaci\u00f3n del a\u00f1o. Desde la eliminaci\u00f3n del follaje y la poda profesional de invierno hasta el mantenimiento durante todo el a\u00f1o, nos aseguramos de que los espacios verdes permanezcan sanos y tengan un aspecto cuidado.<\/p>\n<p>Un mantenimiento de jardines fiable y previsible es especialmente importante para propietarios con poco tiempo o para inmuebles comerciales. Nuestro equipo trabaja de forma estructurada, limpia y puntual para que pueda confiar en un aspecto profesional duradero.<\/p>\n<h2>Enfoque hol\u00edstico de la horticultura y el paisajismo<\/h2>\n<p>Nuestro objetivo es entender la horticultura y el paisajismo como un proceso integral. Apoyamos los proyectos desde la consulta inicial hasta la realizaci\u00f3n y el mantenimiento a largo plazo. Con procesos claramente definidos y elevados est\u00e1ndares de calidad, creamos instalaciones exteriores que funcionan de forma sostenible e impresionan a largo plazo.<\/p>\n<\/div><\/div>\n<\/div>\n\n<div class=\"et_pb_column_1 et_pb_column et-last-child et_flex_column et_pb_css_mix_blend_mode_passthrough et_flex_column_2_5 et_flex_column_2_5_tablet et_flex_column_24_24_phone\">\n<div class=\"et_pb_image_0 et_pb_image et_animated et_pb_module et_block_module\"><span class=\"et_pb_image_wrap\"><img loading=\"lazy\" decoding=\"async\" src=\"https:\/\/nicola-gartenpflege.de\/wp-content\/uploads\/2026\/02\/Depositphotos_847938954_XL-scaled.jpg\" title=\"horticultura-paisajismo.jpg\" width=\"2560\" height=\"1703\" srcset=\"https:\/\/nicola-gartenpflege.de\/wp-content\/uploads\/2026\/02\/Depositphotos_847938954_XL-scaled.jpg 2560w, https:\/\/nicola-gartenpflege.de\/wp-content\/uploads\/2026\/02\/Depositphotos_847938954_XL-1280x852.jpg 1280w, https:\/\/nicola-gartenpflege.de\/wp-content\/uploads\/2026\/02\/Depositphotos_847938954_XL-980x652.jpg 980w, https:\/\/nicola-gartenpflege.de\/wp-content\/uploads\/2026\/02\/Depositphotos_847938954_XL-480x319.jpg 480w\" sizes=\"(min-width: 0px) and (max-width: 480px) 480px, (min-width: 481px) and (max-width: 980px) 980px, (min-width: 981px) and (max-width: 1280px) 1280px, (min-width: 1281px) 2560px, 100vw\" class=\"wp-image-451\" \/><\/span><\/div>\n\n<div class=\"et_pb_text_2 et_pb_text et_pb_bg_layout_light et_pb_module et_flex_module preset--module--divi-text--m0tk7064a9\"><div class=\"et_pb_text_inner\"><h2>Obtenga ahora asesoramiento para horticultura y paisajismo<\/h2>\n<p>\u00bfDesea redise\u00f1ar su jard\u00edn o realizar un mantenimiento profesional de su zona exterior? P\u00f3ngase en contacto con nosotros. Le asesoraremos sin compromiso sobre su proyecto de jardiner\u00eda y paisajismo en Stuttgart y desarrollaremos una soluci\u00f3n personalizada que se ajuste exactamente a sus necesidades.<\/p>\n<p>Conf\u00ede en la experiencia, la estructura y la realizaci\u00f3n sostenible de instalaciones al aire libre que dejen una impresi\u00f3n duradera.<\/p>\n<\/div><\/div>\n<\/div>\n<\/div>\n<\/div>","protected":false},"excerpt":{"rendered":"","protected":false},"author":1,"featured_media":0,"parent":0,"menu_order":0,"comment_status":"closed","ping_status":"closed","template":"","meta":{"footnotes":""},"class_list":["post-215","page","type-page","status-publish","hentry"],"yoast_head":"<!-- This site is optimized with the Yoast SEO plugin v27.0 - https:\/\/yoast.com\/product\/yoast-seo-wordpress\/ -->\n<title>Garten- &amp; Landschaftsbau - Nicola<\/title>\n<meta name=\"robots\" content=\"index, follow, max-snippet:-1, max-image-preview:large, max-video-preview:-1\" \/>\n<link rel=\"canonical\" href=\"https:\/\/nicola-gartenpflege.de\/es\/garten-landschaftsbau\/\" \/>\n<meta property=\"og:locale\" content=\"es_ES\" \/>\n<meta property=\"og:type\" content=\"article\" \/>\n<meta property=\"og:title\" content=\"Garten- &amp; Landschaftsbau - Nicola\" \/>\n<meta property=\"og:url\" content=\"https:\/\/nicola-gartenpflege.de\/es\/garten-landschaftsbau\/\" \/>\n<meta property=\"og:site_name\" content=\"Nicola\" \/>\n<meta property=\"article:modified_time\" content=\"2026-02-27T07:53:03+00:00\" \/>\n<meta name=\"twitter:card\" content=\"summary_large_image\" \/>\n<script type=\"application\/ld+json\" class=\"yoast-schema-graph\">{\"@context\":\"https:\/\/schema.org\",\"@graph\":[{\"@type\":\"WebPage\",\"@id\":\"https:\/\/nicola-gartenpflege.de\/garten-landschaftsbau\/\",\"url\":\"https:\/\/nicola-gartenpflege.de\/garten-landschaftsbau\/\",\"name\":\"Garten- & Landschaftsbau - Nicola\",\"isPartOf\":{\"@id\":\"https:\/\/nicola-gartenpflege.de\/#website\"},\"datePublished\":\"2026-01-20T09:08:16+00:00\",\"dateModified\":\"2026-02-27T07:53:03+00:00\",\"breadcrumb\":{\"@id\":\"https:\/\/nicola-gartenpflege.de\/garten-landschaftsbau\/#breadcrumb\"},\"inLanguage\":\"es\",\"potentialAction\":[{\"@type\":\"ReadAction\",\"target\":[\"https:\/\/nicola-gartenpflege.de\/garten-landschaftsbau\/\"]}]},{\"@type\":\"BreadcrumbList\",\"@id\":\"https:\/\/nicola-gartenpflege.de\/garten-landschaftsbau\/#breadcrumb\",\"itemListElement\":[{\"@type\":\"ListItem\",\"position\":1,\"name\":\"Start\",\"item\":\"https:\/\/nicola-gartenpflege.de\/\"},{\"@type\":\"ListItem\",\"position\":2,\"name\":\"Garten- &#038; Landschaftsbau\"}]},{\"@type\":\"WebSite\",\"@id\":\"https:\/\/nicola-gartenpflege.de\/#website\",\"url\":\"https:\/\/nicola-gartenpflege.de\/\",\"name\":\"Nicola\",\"description\":\"Garten- &amp; Landschaftsbau\",\"potentialAction\":[{\"@type\":\"SearchAction\",\"target\":{\"@type\":\"EntryPoint\",\"urlTemplate\":\"https:\/\/nicola-gartenpflege.de\/?s={search_term_string}\"},\"query-input\":{\"@type\":\"PropertyValueSpecification\",\"valueRequired\":true,\"valueName\":\"search_term_string\"}}],\"inLanguage\":\"es\"}]}<\/script>\n<!-- \/ Yoast SEO plugin. -->","yoast_head_json":{"title":"Garten- & Landschaftsbau - Nicola","robots":{"index":"index","follow":"follow","max-snippet":"max-snippet:-1","max-image-preview":"max-image-preview:large","max-video-preview":"max-video-preview:-1"},"canonical":"https:\/\/nicola-gartenpflege.de\/es\/garten-landschaftsbau\/","og_locale":"es_ES","og_type":"article","og_title":"Garten- & Landschaftsbau - Nicola","og_url":"https:\/\/nicola-gartenpflege.de\/es\/garten-landschaftsbau\/","og_site_name":"Nicola","article_modified_time":"2026-02-27T07:53:03+00:00","twitter_card":"summary_large_image","schema":{"@context":"https:\/\/schema.org","@graph":[{"@type":"WebPage","@id":"https:\/\/nicola-gartenpflege.de\/garten-landschaftsbau\/","url":"https:\/\/nicola-gartenpflege.de\/garten-landschaftsbau\/","name":"Garten- & Landschaftsbau - Nicola","isPartOf":{"@id":"https:\/\/nicola-gartenpflege.de\/#website"},"datePublished":"2026-01-20T09:08:16+00:00","dateModified":"2026-02-27T07:53:03+00:00","breadcrumb":{"@id":"https:\/\/nicola-gartenpflege.de\/garten-landschaftsbau\/#breadcrumb"},"inLanguage":"es","potentialAction":[{"@type":"ReadAction","target":["https:\/\/nicola-gartenpflege.de\/garten-landschaftsbau\/"]}]},{"@type":"BreadcrumbList","@id":"https:\/\/nicola-gartenpflege.de\/garten-landschaftsbau\/#breadcrumb","itemListElement":[{"@type":"ListItem","position":1,"name":"Start","item":"https:\/\/nicola-gartenpflege.de\/"},{"@type":"ListItem","position":2,"name":"Garten- &#038; Landschaftsbau"}]},{"@type":"WebSite","@id":"https:\/\/nicola-gartenpflege.de\/#website","url":"https:\/\/nicola-gartenpflege.de\/","name":"Nicola","description":"Jardiner\u00eda y paisajismo","potentialAction":[{"@type":"SearchAction","target":{"@type":"EntryPoint","urlTemplate":"https:\/\/nicola-gartenpflege.de\/?s={search_term_string}"},"query-input":{"@type":"PropertyValueSpecification","valueRequired":true,"valueName":"search_term_string"}}],"inLanguage":"es"}]}},"_links":{"self":[{"href":"https:\/\/nicola-gartenpflege.de\/es\/wp-json\/wp\/v2\/pages\/215","targetHints":{"allow":["GET"]}}],"collection":[{"href":"https:\/\/nicola-gartenpflege.de\/es\/wp-json\/wp\/v2\/pages"}],"about":[{"href":"https:\/\/nicola-gartenpflege.de\/es\/wp-json\/wp\/v2\/types\/page"}],"author":[{"embeddable":true,"href":"https:\/\/nicola-gartenpflege.de\/es\/wp-json\/wp\/v2\/users\/1"}],"replies":[{"embeddable":true,"href":"https:\/\/nicola-gartenpflege.de\/es\/wp-json\/wp\/v2\/comments?post=215"}],"version-history":[{"count":24,"href":"https:\/\/nicola-gartenpflege.de\/es\/wp-json\/wp\/v2\/pages\/215\/revisions"}],"predecessor-version":[{"id":638,"href":"https:\/\/nicola-gartenpflege.de\/es\/wp-json\/wp\/v2\/pages\/215\/revisions\/638"}],"wp:attachment":[{"href":"https:\/\/nicola-gartenpflege.de\/es\/wp-json\/wp\/v2\/media?parent=215"}],"curies":[{"name":"wp","href":"https:\/\/api.w.org\/{rel}","templated":true}]}}