{"id":219,"date":"2026-01-20T10:08:16","date_gmt":"2026-01-20T09:08:16","guid":{"rendered":"https:\/\/nicola-gartenpflege.de\/?page_id=219"},"modified":"2026-02-25T09:38:47","modified_gmt":"2026-02-25T08:38:47","slug":"objekt-aussenanlagenpflege","status":"publish","type":"page","link":"https:\/\/nicola-gartenpflege.de\/es\/objekt-aussenanlagenpflege\/","title":{"rendered":"Mantenimiento de propiedades y terrenos"},"content":{"rendered":"<div class=\"et_pb_section_0 et_pb_section et_section_regular et_block_section\"><\/div>\n\n<div class=\"et_pb_section_1 et_pb_section et_section_regular et_block_section\">\n<div class=\"et_pb_row_0 et_pb_row et_flex_row et_animated\">\n<div class=\"et_pb_column_0 et_pb_column et_flex_column et_pb_css_mix_blend_mode_passthrough et_flex_column_3_5 et_flex_column_3_5_tablet et_flex_column_24_24_phone\">\n<div class=\"et_pb_text_0 et_pb_text et_pb_bg_layout_light et_pb_module et_block_module\"><div class=\"et_pb_text_inner\"><h1>Mantenimiento de propiedades y terrenos<\/h1>\n<\/div><\/div>\n\n<div class=\"et_pb_text_1 et_pb_text et_pb_bg_layout_light et_pb_module et_block_module preset--module--divi-text--m0tk7064a9\"><div class=\"et_pb_text_inner\" data-et-mv-hidden-phone=\"true\"><p><strong>Realizamos un mantenimiento continuado y fiable de empresas, complejos residenciales, locales comerciales y zonas p\u00fablicas. Nuestro mantenimiento de propiedades e instalaciones exteriores se basa en procesos de mantenimiento estructurados, plazos fiables y una impresi\u00f3n general de limpieza permanente, durante todo el a\u00f1o y planificable.<\/strong><\/p>\n<p>Las zonas exteriores son la tarjeta de visita de empresas, complejos residenciales e instalaciones p\u00fablicas. Un entorno bien mantenido genera confianza, transmite seguridad y causa una primera impresi\u00f3n positiva. Con el mantenimiento profesional de propiedades y el mantenimiento sostenible de exteriores, nos aseguramos de que estas zonas permanezcan ordenadas, funcionales y presentables a largo plazo.<\/p>\n<h2>Asistencia continua para propiedades comerciales y residenciales<\/h2>\n<p>Nuestros servicios de mantenimiento de propiedades se centran en el cuidado continuo de complejos residenciales, locales de empresas y zonas comerciales al aire libre. Gracias a procesos claramente definidos e intervalos fijos, garantizamos que todos los trabajos se realicen con un alto nivel de calidad constante. El mantenimiento de zonas exteriores incluye el cuidado de zonas verdes, as\u00ed como el cuidado estructurado de zonas pavimentadas y medidas de limpieza adicionales.<\/p>\n<p>El estado de las instalaciones exteriores se mantiene estable a largo plazo gracias a inspecciones peri\u00f3dicas y trabajos programados. Nuestro mantenimiento de la propiedad garantiza que las zonas no solo parezcan bien cuidadas a corto plazo, sino que permanezcan en un estado ordenado y presentable a largo plazo.<\/p>\n<h2>Limpieza, control del ensuciamiento y conservaci\u00f3n del valor<\/h2>\n<p>Una parte importante del mantenimiento de propiedades es la eliminaci\u00f3n de vegetaci\u00f3n y malas hierbas no deseadas, especialmente en zonas sensibles como cimientos, entradas o zonas pavimentadas. Como parte de nuestro mantenimiento de instalaciones exteriores, tambi\u00e9n realizamos trabajos de limpieza en caminos, terrazas y zonas pavimentadas y de hormig\u00f3n. Si es necesario, se utilizan m\u00e9todos profesionales de alta presi\u00f3n para eliminar la suciedad a fondo y con suavidad.<\/p>\n<p>Incluso las tareas m\u00e1s exigentes, como el mantenimiento de zonas de t\u00faneles, entradas y salidas o la limpieza de fachadas y elementos de puentes, se llevan a cabo con profesionalidad. Prestamos una atenci\u00f3n constante a la seguridad, la compatibilidad de los materiales y un acabado limpio, especialmente en zonas de acceso p\u00fablico.<\/p>\n<h2>Mantenimiento de la propiedad durante todo el a\u00f1o con estructuras claras<\/h2>\n<p>Nuestros servicios de mantenimiento de propiedades y terrenos est\u00e1n dirigidos a empresas de gesti\u00f3n de propiedades, negocios, empresas comerciales y clientes del sector p\u00fablico que valoran la fiabilidad, unas responsabilidades claras y un entorno permanentemente bien mantenido. Procesos transparentes y personas de contacto fijas garantizan una seguridad de planificaci\u00f3n sin sorpresas.<\/p>\n<p>El objetivo de nuestro trabajo es un mantenimiento sostenible de las instalaciones exteriores que tenga en cuenta por igual la funcionalidad, la limpieza y la conservaci\u00f3n del valor. Con un mantenimiento estructurado de la propiedad, creamos un aspecto bien cuidado que impresiona a largo plazo.<\/p>\n<\/div><\/div>\n<\/div>\n\n<div class=\"et_pb_column_1 et_pb_column et-last-child et_flex_column et_pb_css_mix_blend_mode_passthrough et_flex_column_2_5 et_flex_column_2_5_tablet et_flex_column_24_24_phone\">\n<div class=\"et_pb_image_0 et_pb_image et_animated et_pb_module et_block_module\"><span class=\"et_pb_image_wrap\"><img loading=\"lazy\" decoding=\"async\" src=\"https:\/\/nicola-gartenpflege.de\/wp-content\/uploads\/2026\/02\/soeren-nicola_1600x1060-2.png\" title=\"propiedad-mantenimiento-cuidado-de-exteriores.jpg\" width=\"1600\" height=\"1060\" srcset=\"https:\/\/nicola-gartenpflege.de\/wp-content\/uploads\/2026\/02\/soeren-nicola_1600x1060-2.png 1600w, https:\/\/nicola-gartenpflege.de\/wp-content\/uploads\/2026\/02\/soeren-nicola_1600x1060-2-1280x848.png 1280w, https:\/\/nicola-gartenpflege.de\/wp-content\/uploads\/2026\/02\/soeren-nicola_1600x1060-2-980x649.png 980w, https:\/\/nicola-gartenpflege.de\/wp-content\/uploads\/2026\/02\/soeren-nicola_1600x1060-2-480x318.png 480w\" sizes=\"(min-width: 0px) and (max-width: 480px) 480px, (min-width: 481px) and (max-width: 980px) 980px, (min-width: 981px) and (max-width: 1280px) 1280px, (min-width: 1281px) 1600px, 100vw\" class=\"wp-image-445\" \/><\/span><\/div>\n\n<div class=\"et_pb_text_2 et_pb_text et_pb_bg_layout_light et_pb_module et_flex_module preset--module--divi-text--m0tk7064a9\"><div class=\"et_pb_text_inner\"><h2>Obtenga ahora asesoramiento sin compromiso sobre mantenimiento de propiedades<\/h2>\n<p>\u00bfBusca un socio de confianza para el mantenimiento profesional de propiedades y exteriores? P\u00f3ngase en contacto con nosotros para una consulta sin compromiso. Juntos desarrollaremos un concepto de mantenimiento personalizado que se adapte exactamente a sus necesidades y garantice una buena impresi\u00f3n general durante todo el a\u00f1o.<\/p>\n<\/div><\/div>\n<\/div>\n<\/div>\n<\/div>","protected":false},"excerpt":{"rendered":"","protected":false},"author":1,"featured_media":0,"parent":0,"menu_order":0,"comment_status":"closed","ping_status":"closed","template":"","meta":{"footnotes":""},"class_list":["post-219","page","type-page","status-publish","hentry"],"yoast_head":"<!-- This site is optimized with the Yoast SEO plugin v27.0 - https:\/\/yoast.com\/product\/yoast-seo-wordpress\/ -->\n<title>Objekt- &amp; Au\u00dfenanlagenpflege - Nicola<\/title>\n<meta name=\"description\" content=\"Objekt- und Au\u00dfenanlagenpflege f\u00fcr Wohnanlagen, Gewerbe &amp; \u00f6ffentliche Bereiche. Strukturierte Abl\u00e4ufe, saubere Fl\u00e4chen, ganzj\u00e4hrig betreut.\" \/>\n<meta name=\"robots\" content=\"index, follow, max-snippet:-1, max-image-preview:large, max-video-preview:-1\" \/>\n<link rel=\"canonical\" href=\"https:\/\/nicola-gartenpflege.de\/es\/objekt-aussenanlagenpflege\/\" \/>\n<meta property=\"og:locale\" content=\"es_ES\" \/>\n<meta property=\"og:type\" content=\"article\" \/>\n<meta property=\"og:title\" content=\"Objekt- &amp; Au\u00dfenanlagenpflege - Nicola\" \/>\n<meta property=\"og:description\" content=\"Objekt- und Au\u00dfenanlagenpflege f\u00fcr Wohnanlagen, Gewerbe &amp; \u00f6ffentliche Bereiche. Strukturierte Abl\u00e4ufe, saubere Fl\u00e4chen, ganzj\u00e4hrig betreut.\" \/>\n<meta property=\"og:url\" content=\"https:\/\/nicola-gartenpflege.de\/es\/objekt-aussenanlagenpflege\/\" \/>\n<meta property=\"og:site_name\" content=\"Nicola\" \/>\n<meta property=\"article:modified_time\" content=\"2026-02-25T08:38:47+00:00\" \/>\n<meta name=\"twitter:card\" content=\"summary_large_image\" \/>\n<script type=\"application\/ld+json\" class=\"yoast-schema-graph\">{\"@context\":\"https:\/\/schema.org\",\"@graph\":[{\"@type\":\"WebPage\",\"@id\":\"https:\/\/nicola-gartenpflege.de\/objekt-aussenanlagenpflege\/\",\"url\":\"https:\/\/nicola-gartenpflege.de\/objekt-aussenanlagenpflege\/\",\"name\":\"Objekt- & Au\u00dfenanlagenpflege - Nicola\",\"isPartOf\":{\"@id\":\"https:\/\/nicola-gartenpflege.de\/#website\"},\"datePublished\":\"2026-01-20T09:08:16+00:00\",\"dateModified\":\"2026-02-25T08:38:47+00:00\",\"description\":\"Objekt- und Au\u00dfenanlagenpflege f\u00fcr Wohnanlagen, Gewerbe & \u00f6ffentliche Bereiche. Strukturierte Abl\u00e4ufe, saubere Fl\u00e4chen, ganzj\u00e4hrig betreut.\",\"breadcrumb\":{\"@id\":\"https:\/\/nicola-gartenpflege.de\/objekt-aussenanlagenpflege\/#breadcrumb\"},\"inLanguage\":\"es\",\"potentialAction\":[{\"@type\":\"ReadAction\",\"target\":[\"https:\/\/nicola-gartenpflege.de\/objekt-aussenanlagenpflege\/\"]}]},{\"@type\":\"BreadcrumbList\",\"@id\":\"https:\/\/nicola-gartenpflege.de\/objekt-aussenanlagenpflege\/#breadcrumb\",\"itemListElement\":[{\"@type\":\"ListItem\",\"position\":1,\"name\":\"Start\",\"item\":\"https:\/\/nicola-gartenpflege.de\/\"},{\"@type\":\"ListItem\",\"position\":2,\"name\":\"Objekt- &#038; Au\u00dfenanlagenpflege\"}]},{\"@type\":\"WebSite\",\"@id\":\"https:\/\/nicola-gartenpflege.de\/#website\",\"url\":\"https:\/\/nicola-gartenpflege.de\/\",\"name\":\"Nicola\",\"description\":\"Garten- &amp; Landschaftsbau\",\"potentialAction\":[{\"@type\":\"SearchAction\",\"target\":{\"@type\":\"EntryPoint\",\"urlTemplate\":\"https:\/\/nicola-gartenpflege.de\/?s={search_term_string}\"},\"query-input\":{\"@type\":\"PropertyValueSpecification\",\"valueRequired\":true,\"valueName\":\"search_term_string\"}}],\"inLanguage\":\"es\"}]}<\/script>\n<!-- \/ Yoast SEO plugin. -->","yoast_head_json":{"title":"Objekt- & Au\u00dfenanlagenpflege - Nicola","description":"Objekt- und Au\u00dfenanlagenpflege f\u00fcr Wohnanlagen, Gewerbe & \u00f6ffentliche Bereiche. Strukturierte Abl\u00e4ufe, saubere Fl\u00e4chen, ganzj\u00e4hrig betreut.","robots":{"index":"index","follow":"follow","max-snippet":"max-snippet:-1","max-image-preview":"max-image-preview:large","max-video-preview":"max-video-preview:-1"},"canonical":"https:\/\/nicola-gartenpflege.de\/es\/objekt-aussenanlagenpflege\/","og_locale":"es_ES","og_type":"article","og_title":"Objekt- & Au\u00dfenanlagenpflege - Nicola","og_description":"Objekt- und Au\u00dfenanlagenpflege f\u00fcr Wohnanlagen, Gewerbe & \u00f6ffentliche Bereiche. Strukturierte Abl\u00e4ufe, saubere Fl\u00e4chen, ganzj\u00e4hrig betreut.","og_url":"https:\/\/nicola-gartenpflege.de\/es\/objekt-aussenanlagenpflege\/","og_site_name":"Nicola","article_modified_time":"2026-02-25T08:38:47+00:00","twitter_card":"summary_large_image","schema":{"@context":"https:\/\/schema.org","@graph":[{"@type":"WebPage","@id":"https:\/\/nicola-gartenpflege.de\/objekt-aussenanlagenpflege\/","url":"https:\/\/nicola-gartenpflege.de\/objekt-aussenanlagenpflege\/","name":"Objekt- & Au\u00dfenanlagenpflege - Nicola","isPartOf":{"@id":"https:\/\/nicola-gartenpflege.de\/#website"},"datePublished":"2026-01-20T09:08:16+00:00","dateModified":"2026-02-25T08:38:47+00:00","description":"Objekt- und Au\u00dfenanlagenpflege f\u00fcr Wohnanlagen, Gewerbe & \u00f6ffentliche Bereiche. Strukturierte Abl\u00e4ufe, saubere Fl\u00e4chen, ganzj\u00e4hrig betreut.","breadcrumb":{"@id":"https:\/\/nicola-gartenpflege.de\/objekt-aussenanlagenpflege\/#breadcrumb"},"inLanguage":"es","potentialAction":[{"@type":"ReadAction","target":["https:\/\/nicola-gartenpflege.de\/objekt-aussenanlagenpflege\/"]}]},{"@type":"BreadcrumbList","@id":"https:\/\/nicola-gartenpflege.de\/objekt-aussenanlagenpflege\/#breadcrumb","itemListElement":[{"@type":"ListItem","position":1,"name":"Start","item":"https:\/\/nicola-gartenpflege.de\/"},{"@type":"ListItem","position":2,"name":"Objekt- &#038; Au\u00dfenanlagenpflege"}]},{"@type":"WebSite","@id":"https:\/\/nicola-gartenpflege.de\/#website","url":"https:\/\/nicola-gartenpflege.de\/","name":"Nicola","description":"Jardiner\u00eda y paisajismo","potentialAction":[{"@type":"SearchAction","target":{"@type":"EntryPoint","urlTemplate":"https:\/\/nicola-gartenpflege.de\/?s={search_term_string}"},"query-input":{"@type":"PropertyValueSpecification","valueRequired":true,"valueName":"search_term_string"}}],"inLanguage":"es"}]}},"_links":{"self":[{"href":"https:\/\/nicola-gartenpflege.de\/es\/wp-json\/wp\/v2\/pages\/219","targetHints":{"allow":["GET"]}}],"collection":[{"href":"https:\/\/nicola-gartenpflege.de\/es\/wp-json\/wp\/v2\/pages"}],"about":[{"href":"https:\/\/nicola-gartenpflege.de\/es\/wp-json\/wp\/v2\/types\/page"}],"author":[{"embeddable":true,"href":"https:\/\/nicola-gartenpflege.de\/es\/wp-json\/wp\/v2\/users\/1"}],"replies":[{"embeddable":true,"href":"https:\/\/nicola-gartenpflege.de\/es\/wp-json\/wp\/v2\/comments?post=219"}],"version-history":[{"count":12,"href":"https:\/\/nicola-gartenpflege.de\/es\/wp-json\/wp\/v2\/pages\/219\/revisions"}],"predecessor-version":[{"id":546,"href":"https:\/\/nicola-gartenpflege.de\/es\/wp-json\/wp\/v2\/pages\/219\/revisions\/546"}],"wp:attachment":[{"href":"https:\/\/nicola-gartenpflege.de\/es\/wp-json\/wp\/v2\/media?parent=219"}],"curies":[{"name":"wp","href":"https:\/\/api.w.org\/{rel}","templated":true}]}}