{"id":221,"date":"2026-01-20T10:08:16","date_gmt":"2026-01-20T09:08:16","guid":{"rendered":"https:\/\/nicola-gartenpflege.de\/?page_id=221"},"modified":"2026-02-25T09:39:22","modified_gmt":"2026-02-25T08:39:22","slug":"pflege-gruenflaechen","status":"publish","type":"page","link":"https:\/\/nicola-gartenpflege.de\/es\/pflege-gruenflaechen\/","title":{"rendered":"Mantenimiento de espacios verdes"},"content":{"rendered":"<div class=\"et_pb_section_0 et_pb_section et_section_regular et_block_section\"><\/div>\n\n<div class=\"et_pb_section_1 et_pb_section et_section_regular et_block_section\">\n<div class=\"et_pb_row_0 et_pb_row et_flex_row et_animated\">\n<div class=\"et_pb_column_0 et_pb_column et_flex_column et_pb_css_mix_blend_mode_passthrough et_flex_column_3_5 et_flex_column_3_5_tablet et_flex_column_24_24_phone\">\n<div class=\"et_pb_text_0 et_pb_text et_pb_bg_layout_light et_pb_module et_block_module\"><div class=\"et_pb_text_inner\"><h1>Mantenimiento de espacios verdes<\/h1>\n<\/div><\/div>\n\n<div class=\"et_pb_text_1 et_pb_text et_pb_bg_layout_light et_pb_module et_block_module preset--module--divi-text--m0tk7064a9\"><div class=\"et_pb_text_inner\"><p><strong>El c\u00e9sped y los grandes espacios verdes requieren un cuidado especializado que va mucho m\u00e1s all\u00e1 de la siega habitual. El mantenimiento estructurado de los espacios verdes incluye intervalos de siega profesionales, fertilizaci\u00f3n espec\u00edfica y medidas de regeneraci\u00f3n sostenible. El resultado son espacios verdes resistentes, densos y visualmente atractivos que se mantienen a largo plazo.<\/strong><\/p>\n<p>Los grandes espacios verdes tienen requisitos distintos a los jardines privados. Para que un espacio verde parezca homog\u00e9neo, funcional y bien cuidado a largo plazo, es crucial que el mantenimiento de los espacios verdes se realice de forma profesional y continua. Este es exactamente el enfoque de nuestros servicios.<\/p>\n<h2>Intervalos de siega estructurados y suministro espec\u00edfico de nutrientes<\/h2>\n<p>El mantenimiento de los espacios verdes se centra en intervalos de siega claramente definidos en funci\u00f3n del uso, la estaci\u00f3n y las condiciones meteorol\u00f3gicas. La siega regular y profesional no s\u00f3lo garantiza un aspecto limpio del espacio verde, sino que tambi\u00e9n refuerza la resistencia del c\u00e9sped. Tambi\u00e9n llevamos a cabo medidas espec\u00edficas de fertilizaci\u00f3n para garantizar un suministro equilibrado de nutrientes y promover un crecimiento sostenible.<\/p>\n<p>La vitalidad del c\u00e9sped mejora a largo plazo gracias al mantenimiento coordinado de las zonas verdes. Una zona verde sana se mantiene m\u00e1s densa, robusta y visualmente uniforme.<\/p>\n<h2>Regeneraci\u00f3n y estabilizaci\u00f3n sostenible del espacio verde<\/h2>\n<p>Otro foco de atenci\u00f3n es la regeneraci\u00f3n de espacios verdes estresados. Mediante trabajos espec\u00edficos de mantenimiento y construcci\u00f3n, optimizamos la estructura del suelo, reducimos la formaci\u00f3n de musgo y fomentamos un c\u00e9sped uniforme. La eliminaci\u00f3n de la vegetaci\u00f3n no deseada y las malas hierbas tambi\u00e9n forma parte del mantenimiento profesional de los espacios verdes, especialmente en zonas muy frecuentadas o de prestigio.<\/p>\n<p>Nuestros servicios se dirigen a empresas, complejos residenciales y clientes p\u00fablicos que desean mantener sus espacios verdes con un alto nivel funcional y visual. Nos centramos en procesos planificables, plazos fiables y una ejecuci\u00f3n limpia. El mantenimiento de los espacios verdes se lleva a cabo durante todo el a\u00f1o y se adapta con precisi\u00f3n al uso respectivo.<\/p>\n<\/div><\/div>\n<\/div>\n\n<div class=\"et_pb_column_1 et_pb_column et-last-child et_flex_column et_pb_css_mix_blend_mode_passthrough et_flex_column_2_5 et_flex_column_2_5_tablet et_flex_column_24_24_phone\">\n<div class=\"et_pb_image_0 et_pb_image et_animated et_pb_module et_block_module\"><span class=\"et_pb_image_wrap\"><img loading=\"lazy\" decoding=\"async\" src=\"https:\/\/nicola-gartenpflege.de\/wp-content\/uploads\/2025\/12\/153133186_l1.jpg\" title=\"153133186_l(1)\" width=\"1200\" height=\"800\" srcset=\"https:\/\/nicola-gartenpflege.de\/wp-content\/uploads\/2025\/12\/153133186_l1.jpg 1200w, https:\/\/nicola-gartenpflege.de\/wp-content\/uploads\/2025\/12\/153133186_l1-980x653.jpg 980w, https:\/\/nicola-gartenpflege.de\/wp-content\/uploads\/2025\/12\/153133186_l1-480x320.jpg 480w\" sizes=\"(min-width: 0px) and (max-width: 480px) 480px, (min-width: 481px) and (max-width: 980px) 980px, (min-width: 981px) 1200px, 100vw\" class=\"wp-image-195\" \/><\/span><\/div>\n\n<div class=\"et_pb_text_2 et_pb_text et_pb_bg_layout_light et_pb_module et_block_module preset--module--divi-text--m0tk7064a9\"><div class=\"et_pb_text_inner\"><h2>Mantenimiento sostenible de zonas verdes con un enfoque a largo plazo<\/h2>\n<p>El resultado son espacios verdes resistentes, bien mantenidos y visualmente atractivos, que siguen siendo resistentes a largo plazo y transmiten una impresi\u00f3n general positiva. Entendemos el mantenimiento profesional de las zonas verdes como una tarea a largo plazo con una estructura clara, conocimientos especializados y normas sostenibles.<\/p>\n<p>Si desea un cuidado fiable de su zona verde, desarrollaremos un concepto de mantenimiento personalizado que garantice la estabilidad, la calidad y la conservaci\u00f3n del valor a largo plazo.<\/p>\n<\/div><\/div>\n<\/div>\n<\/div>\n<\/div>","protected":false},"excerpt":{"rendered":"","protected":false},"author":1,"featured_media":0,"parent":0,"menu_order":0,"comment_status":"closed","ping_status":"closed","template":"","meta":{"footnotes":""},"class_list":["post-221","page","type-page","status-publish","hentry"],"yoast_head":"<!-- This site is optimized with the Yoast SEO plugin v27.0 - https:\/\/yoast.com\/product\/yoast-seo-wordpress\/ -->\n<title>Pflege von Gr\u00fcnfl\u00e4chen - Nicola<\/title>\n<meta name=\"description\" content=\"Pflege von Gr\u00fcnfl\u00e4chen: professionelle Rasenpflege, regelm\u00e4\u00dfige M\u00e4hintervalle, D\u00fcngung und Regeneration f\u00fcr belastbare Gr\u00fcnfl\u00e4chen.\" \/>\n<meta name=\"robots\" content=\"index, follow, max-snippet:-1, max-image-preview:large, max-video-preview:-1\" \/>\n<link rel=\"canonical\" href=\"https:\/\/nicola-gartenpflege.de\/es\/pflege-gruenflaechen\/\" \/>\n<meta property=\"og:locale\" content=\"es_ES\" \/>\n<meta property=\"og:type\" content=\"article\" \/>\n<meta property=\"og:title\" content=\"Pflege von Gr\u00fcnfl\u00e4chen - Nicola\" \/>\n<meta property=\"og:description\" content=\"Pflege von Gr\u00fcnfl\u00e4chen: professionelle Rasenpflege, regelm\u00e4\u00dfige M\u00e4hintervalle, D\u00fcngung und Regeneration f\u00fcr belastbare Gr\u00fcnfl\u00e4chen.\" \/>\n<meta property=\"og:url\" content=\"https:\/\/nicola-gartenpflege.de\/es\/pflege-gruenflaechen\/\" \/>\n<meta property=\"og:site_name\" content=\"Nicola\" \/>\n<meta property=\"article:modified_time\" content=\"2026-02-25T08:39:22+00:00\" \/>\n<meta name=\"twitter:card\" content=\"summary_large_image\" \/>\n<script type=\"application\/ld+json\" class=\"yoast-schema-graph\">{\"@context\":\"https:\/\/schema.org\",\"@graph\":[{\"@type\":\"WebPage\",\"@id\":\"https:\/\/nicola-gartenpflege.de\/pflege-gruenflaechen\/\",\"url\":\"https:\/\/nicola-gartenpflege.de\/pflege-gruenflaechen\/\",\"name\":\"Pflege von Gr\u00fcnfl\u00e4chen - Nicola\",\"isPartOf\":{\"@id\":\"https:\/\/nicola-gartenpflege.de\/#website\"},\"datePublished\":\"2026-01-20T09:08:16+00:00\",\"dateModified\":\"2026-02-25T08:39:22+00:00\",\"description\":\"Pflege von Gr\u00fcnfl\u00e4chen: professionelle Rasenpflege, regelm\u00e4\u00dfige M\u00e4hintervalle, D\u00fcngung und Regeneration f\u00fcr belastbare Gr\u00fcnfl\u00e4chen.\",\"breadcrumb\":{\"@id\":\"https:\/\/nicola-gartenpflege.de\/pflege-gruenflaechen\/#breadcrumb\"},\"inLanguage\":\"es\",\"potentialAction\":[{\"@type\":\"ReadAction\",\"target\":[\"https:\/\/nicola-gartenpflege.de\/pflege-gruenflaechen\/\"]}]},{\"@type\":\"BreadcrumbList\",\"@id\":\"https:\/\/nicola-gartenpflege.de\/pflege-gruenflaechen\/#breadcrumb\",\"itemListElement\":[{\"@type\":\"ListItem\",\"position\":1,\"name\":\"Start\",\"item\":\"https:\/\/nicola-gartenpflege.de\/\"},{\"@type\":\"ListItem\",\"position\":2,\"name\":\"Pflege von Gr\u00fcnfl\u00e4chen\"}]},{\"@type\":\"WebSite\",\"@id\":\"https:\/\/nicola-gartenpflege.de\/#website\",\"url\":\"https:\/\/nicola-gartenpflege.de\/\",\"name\":\"Nicola\",\"description\":\"Garten- &amp; Landschaftsbau\",\"potentialAction\":[{\"@type\":\"SearchAction\",\"target\":{\"@type\":\"EntryPoint\",\"urlTemplate\":\"https:\/\/nicola-gartenpflege.de\/?s={search_term_string}\"},\"query-input\":{\"@type\":\"PropertyValueSpecification\",\"valueRequired\":true,\"valueName\":\"search_term_string\"}}],\"inLanguage\":\"es\"}]}<\/script>\n<!-- \/ Yoast SEO plugin. -->","yoast_head_json":{"title":"Pflege von Gr\u00fcnfl\u00e4chen - Nicola","description":"Pflege von Gr\u00fcnfl\u00e4chen: professionelle Rasenpflege, regelm\u00e4\u00dfige M\u00e4hintervalle, D\u00fcngung und Regeneration f\u00fcr belastbare Gr\u00fcnfl\u00e4chen.","robots":{"index":"index","follow":"follow","max-snippet":"max-snippet:-1","max-image-preview":"max-image-preview:large","max-video-preview":"max-video-preview:-1"},"canonical":"https:\/\/nicola-gartenpflege.de\/es\/pflege-gruenflaechen\/","og_locale":"es_ES","og_type":"article","og_title":"Pflege von Gr\u00fcnfl\u00e4chen - Nicola","og_description":"Pflege von Gr\u00fcnfl\u00e4chen: professionelle Rasenpflege, regelm\u00e4\u00dfige M\u00e4hintervalle, D\u00fcngung und Regeneration f\u00fcr belastbare Gr\u00fcnfl\u00e4chen.","og_url":"https:\/\/nicola-gartenpflege.de\/es\/pflege-gruenflaechen\/","og_site_name":"Nicola","article_modified_time":"2026-02-25T08:39:22+00:00","twitter_card":"summary_large_image","schema":{"@context":"https:\/\/schema.org","@graph":[{"@type":"WebPage","@id":"https:\/\/nicola-gartenpflege.de\/pflege-gruenflaechen\/","url":"https:\/\/nicola-gartenpflege.de\/pflege-gruenflaechen\/","name":"Pflege von Gr\u00fcnfl\u00e4chen - Nicola","isPartOf":{"@id":"https:\/\/nicola-gartenpflege.de\/#website"},"datePublished":"2026-01-20T09:08:16+00:00","dateModified":"2026-02-25T08:39:22+00:00","description":"Pflege von Gr\u00fcnfl\u00e4chen: professionelle Rasenpflege, regelm\u00e4\u00dfige M\u00e4hintervalle, D\u00fcngung und Regeneration f\u00fcr belastbare Gr\u00fcnfl\u00e4chen.","breadcrumb":{"@id":"https:\/\/nicola-gartenpflege.de\/pflege-gruenflaechen\/#breadcrumb"},"inLanguage":"es","potentialAction":[{"@type":"ReadAction","target":["https:\/\/nicola-gartenpflege.de\/pflege-gruenflaechen\/"]}]},{"@type":"BreadcrumbList","@id":"https:\/\/nicola-gartenpflege.de\/pflege-gruenflaechen\/#breadcrumb","itemListElement":[{"@type":"ListItem","position":1,"name":"Start","item":"https:\/\/nicola-gartenpflege.de\/"},{"@type":"ListItem","position":2,"name":"Pflege von Gr\u00fcnfl\u00e4chen"}]},{"@type":"WebSite","@id":"https:\/\/nicola-gartenpflege.de\/#website","url":"https:\/\/nicola-gartenpflege.de\/","name":"Nicola","description":"Jardiner\u00eda y paisajismo","potentialAction":[{"@type":"SearchAction","target":{"@type":"EntryPoint","urlTemplate":"https:\/\/nicola-gartenpflege.de\/?s={search_term_string}"},"query-input":{"@type":"PropertyValueSpecification","valueRequired":true,"valueName":"search_term_string"}}],"inLanguage":"es"}]}},"_links":{"self":[{"href":"https:\/\/nicola-gartenpflege.de\/es\/wp-json\/wp\/v2\/pages\/221","targetHints":{"allow":["GET"]}}],"collection":[{"href":"https:\/\/nicola-gartenpflege.de\/es\/wp-json\/wp\/v2\/pages"}],"about":[{"href":"https:\/\/nicola-gartenpflege.de\/es\/wp-json\/wp\/v2\/types\/page"}],"author":[{"embeddable":true,"href":"https:\/\/nicola-gartenpflege.de\/es\/wp-json\/wp\/v2\/users\/1"}],"replies":[{"embeddable":true,"href":"https:\/\/nicola-gartenpflege.de\/es\/wp-json\/wp\/v2\/comments?post=221"}],"version-history":[{"count":12,"href":"https:\/\/nicola-gartenpflege.de\/es\/wp-json\/wp\/v2\/pages\/221\/revisions"}],"predecessor-version":[{"id":547,"href":"https:\/\/nicola-gartenpflege.de\/es\/wp-json\/wp\/v2\/pages\/221\/revisions\/547"}],"wp:attachment":[{"href":"https:\/\/nicola-gartenpflege.de\/es\/wp-json\/wp\/v2\/media?parent=221"}],"curies":[{"name":"wp","href":"https:\/\/api.w.org\/{rel}","templated":true}]}}