{"id":223,"date":"2026-01-20T10:08:16","date_gmt":"2026-01-20T09:08:16","guid":{"rendered":"https:\/\/nicola-gartenpflege.de\/?page_id=223"},"modified":"2026-02-25T09:39:57","modified_gmt":"2026-02-25T08:39:57","slug":"heckenschnitt-baumschnitt","status":"publish","type":"page","link":"https:\/\/nicola-gartenpflege.de\/es\/heckenschnitt-baumschnitt\/","title":{"rendered":"Recorte de setos y poda de \u00e1rboles"},"content":{"rendered":"<div class=\"et_pb_section_0 et_pb_section et_section_regular et_block_section\"><\/div>\n\n<div class=\"et_pb_section_1 et_pb_section et_section_regular et_block_section\">\n<div class=\"et_pb_row_0 et_pb_row et_flex_row et_animated\">\n<div class=\"et_pb_column_0 et_pb_column et_flex_column et_pb_css_mix_blend_mode_passthrough et_flex_column_3_5 et_flex_column_3_5_tablet et_flex_column_24_24_phone\">\n<div class=\"et_pb_text_0 et_pb_text et_pb_bg_layout_light et_pb_module et_block_module\"><div class=\"et_pb_text_inner\"><h1>Recorte de setos y poda de \u00e1rboles<\/h1>\n<\/div><\/div>\n\n<div class=\"et_pb_text_1 et_pb_text et_pb_bg_layout_light et_pb_module et_block_module preset--module--divi-text--m0tk7064a9\"><div class=\"et_pb_text_inner\"><p><strong>Unas t\u00e9cnicas de poda precisas son cruciales para una poda profesional y segura de los setos. Quien hace podar un seto espera l\u00edneas claras, un crecimiento denso y una estructura permanentemente sana. Los setos conservan sus contornos y los \u00e1rboles su estabilidad mediante medidas de mantenimiento y orientadas al crecimiento.<\/strong><\/p>\n<p>Los setos y los \u00e1rboles caracterizan de forma significativa el aspecto de jardines, propiedades y zonas al aire libre. La poda profesional de setos no s\u00f3lo garantiza un aspecto cuidado, sino que tambi\u00e9n favorece la vitalidad de las plantas. La poda profesional tambi\u00e9n contribuye al desarrollo a largo plazo y a la seguridad vial.<\/p>\n<h2>Poda de setos con sistema y experiencia<\/h2>\n<p>Cuando podamos setos, prestamos atenci\u00f3n a las l\u00edneas limpias, las formas uniformes y los requisitos individuales de cada tipo de seto. Podar un seto significa algo m\u00e1s que acortar los brotes. El momento adecuado, la t\u00e9cnica de poda correcta y la consideraci\u00f3n de las fases de crecimiento y los requisitos legales son cruciales.<\/p>\n<p>Recortar los setos con regularidad favorece un crecimiento denso y evita que el interior del seto crezca demasiado. Si recortas tu seto, estar\u00e1s haciendo una inversi\u00f3n a largo plazo en estructura, intimidad y un aspecto cuidado.<\/p>\n<\/div><\/div>\n<\/div>\n\n<div class=\"et_pb_column_1 et_pb_column et-last-child et_flex_column et_pb_css_mix_blend_mode_passthrough et_flex_column_2_5 et_flex_column_2_5_tablet et_flex_column_24_24_phone\">\n<div class=\"et_pb_image_0 et_pb_image et_animated et_pb_module et_block_module\"><span class=\"et_pb_image_wrap\"><img loading=\"lazy\" decoding=\"async\" src=\"https:\/\/nicola-gartenpflege.de\/wp-content\/uploads\/2026\/02\/Depositphotos_847938954_XL-scaled.jpg\" title=\"Depositphotos_847938954_XL\" width=\"2560\" height=\"1703\" srcset=\"https:\/\/nicola-gartenpflege.de\/wp-content\/uploads\/2026\/02\/Depositphotos_847938954_XL-scaled.jpg 2560w, https:\/\/nicola-gartenpflege.de\/wp-content\/uploads\/2026\/02\/Depositphotos_847938954_XL-1280x852.jpg 1280w, https:\/\/nicola-gartenpflege.de\/wp-content\/uploads\/2026\/02\/Depositphotos_847938954_XL-980x652.jpg 980w, https:\/\/nicola-gartenpflege.de\/wp-content\/uploads\/2026\/02\/Depositphotos_847938954_XL-480x319.jpg 480w\" sizes=\"(min-width: 0px) and (max-width: 480px) 480px, (min-width: 481px) and (max-width: 980px) 980px, (min-width: 981px) and (max-width: 1280px) 1280px, (min-width: 1281px) 2560px, 100vw\" class=\"wp-image-451\" \/><\/span><\/div>\n<\/div>\n<\/div>\n\n<div class=\"et_pb_row_1 et_pb_row et_flex_row\">\n<div class=\"et_pb_column_2 et_pb_column et_flex_column et_pb_css_mix_blend_mode_passthrough et_flex_column_2_5 et_flex_column_2_5_tablet et_flex_column_24_24_phone\">\n<div class=\"et_pb_image_1 et_pb_image et_animated et_pb_module et_block_module\"><span class=\"et_pb_image_wrap\"><img loading=\"lazy\" decoding=\"async\" src=\"https:\/\/nicola-gartenpflege.de\/wp-content\/uploads\/2026\/01\/144757846_l-scaled.jpg\" title=\"Poda y corte de ramas en frutales - trabajos de primavera\" width=\"2560\" height=\"1707\" srcset=\"https:\/\/nicola-gartenpflege.de\/wp-content\/uploads\/2026\/01\/144757846_l-scaled.jpg 2560w, https:\/\/nicola-gartenpflege.de\/wp-content\/uploads\/2026\/01\/144757846_l-1280x854.jpg 1280w, https:\/\/nicola-gartenpflege.de\/wp-content\/uploads\/2026\/01\/144757846_l-980x653.jpg 980w, https:\/\/nicola-gartenpflege.de\/wp-content\/uploads\/2026\/01\/144757846_l-480x320.jpg 480w\" sizes=\"(min-width: 0px) and (max-width: 480px) 480px, (min-width: 481px) and (max-width: 980px) 980px, (min-width: 981px) and (max-width: 1280px) 1280px, (min-width: 1281px) 2560px, 100vw\" class=\"wp-image-243\" \/><\/span><\/div>\n<\/div>\n\n<div class=\"et_pb_column_3 et_pb_column et-last-child et_flex_column et_pb_css_mix_blend_mode_passthrough et_flex_column_3_5 et_flex_column_3_5_tablet et_flex_column_24_24_phone\">\n<div class=\"et_pb_text_2 et_pb_text et_pb_bg_layout_light et_pb_module et_flex_module preset--module--divi-text--m0tk7064a9\"><div class=\"et_pb_text_inner\"><h2>Mantenimiento, tala y eliminaci\u00f3n<\/h2>\n<p>La poda de \u00e1rboles requiere experiencia y cuidados especiales. Ya se trate de podas de mantenimiento, podas o eliminaci\u00f3n de ramas problem\u00e1ticas concretas, cada poda se adapta individualmente a la especie, la ubicaci\u00f3n y el estado del \u00e1rbol. El objetivo es mantener la forma natural del \u00e1rbol y, al mismo tiempo, reforzar su vitalidad.<\/p>\n<p>Nuestros servicios de poda tambi\u00e9n incluyen el cuidado de \u00e1rboles frutales. Mediante medidas espec\u00edficas, mejoramos la formaci\u00f3n, la estabilidad y el crecimiento de los frutos. La poda profesional tambi\u00e9n contribuye decisivamente a la seguridad en las propiedades y en las instalaciones al aire libre.<\/p>\n<p>Adem\u00e1s de la cl\u00e1sica poda de setos y \u00e1rboles, tambi\u00e9n nos encargamos de la retirada profesional de \u00e1rboles si es necesario. A continuaci\u00f3n, nos encargamos de retirar y eliminar adecuadamente los recortes y las ramas. As\u00ed mantenemos la propiedad limpia y ordenada.<\/p>\n<p>Nuestros servicios de recorte de setos, corte de setos y poda de \u00e1rboles est\u00e1n dirigidos a propiedades privadas, complejos residenciales, empresas y clientes p\u00fablicos. Con procesos claros, plazos fiables y un trabajo artesanal preciso, nos aseguramos de que los setos y los \u00e1rboles se mantengan en buen estado, sanos y seguros para el tr\u00e1fico a largo plazo.<\/p>\n<\/div><\/div>\n<\/div>\n<\/div>\n<\/div>","protected":false},"excerpt":{"rendered":"","protected":false},"author":1,"featured_media":0,"parent":0,"menu_order":0,"comment_status":"closed","ping_status":"closed","template":"","meta":{"footnotes":""},"class_list":["post-223","page","type-page","status-publish","hentry"],"yoast_head":"<!-- This site is optimized with the Yoast SEO plugin v27.0 - https:\/\/yoast.com\/product\/yoast-seo-wordpress\/ -->\n<title>Heckenschnitt &amp; Baumschnitt - Nicola<\/title>\n<meta name=\"description\" content=\"Professioneller Hecken- und Baumschnitt: saubere Schnitte, gesunder Wuchs, sichere Baumpflege und fachgerechte Entsorgung.\" \/>\n<meta name=\"robots\" content=\"index, follow, max-snippet:-1, max-image-preview:large, max-video-preview:-1\" \/>\n<link rel=\"canonical\" href=\"https:\/\/nicola-gartenpflege.de\/es\/heckenschnitt-baumschnitt\/\" \/>\n<meta property=\"og:locale\" content=\"es_ES\" \/>\n<meta property=\"og:type\" content=\"article\" \/>\n<meta property=\"og:title\" content=\"Heckenschnitt &amp; Baumschnitt - Nicola\" \/>\n<meta property=\"og:description\" content=\"Professioneller Hecken- und Baumschnitt: saubere Schnitte, gesunder Wuchs, sichere Baumpflege und fachgerechte Entsorgung.\" \/>\n<meta property=\"og:url\" content=\"https:\/\/nicola-gartenpflege.de\/es\/heckenschnitt-baumschnitt\/\" \/>\n<meta property=\"og:site_name\" content=\"Nicola\" \/>\n<meta property=\"article:modified_time\" content=\"2026-02-25T08:39:57+00:00\" \/>\n<meta name=\"twitter:card\" content=\"summary_large_image\" \/>\n<script type=\"application\/ld+json\" class=\"yoast-schema-graph\">{\"@context\":\"https:\/\/schema.org\",\"@graph\":[{\"@type\":\"WebPage\",\"@id\":\"https:\/\/nicola-gartenpflege.de\/heckenschnitt-baumschnitt\/\",\"url\":\"https:\/\/nicola-gartenpflege.de\/heckenschnitt-baumschnitt\/\",\"name\":\"Heckenschnitt & Baumschnitt - Nicola\",\"isPartOf\":{\"@id\":\"https:\/\/nicola-gartenpflege.de\/#website\"},\"datePublished\":\"2026-01-20T09:08:16+00:00\",\"dateModified\":\"2026-02-25T08:39:57+00:00\",\"description\":\"Professioneller Hecken- und Baumschnitt: saubere Schnitte, gesunder Wuchs, sichere Baumpflege und fachgerechte Entsorgung.\",\"breadcrumb\":{\"@id\":\"https:\/\/nicola-gartenpflege.de\/heckenschnitt-baumschnitt\/#breadcrumb\"},\"inLanguage\":\"es\",\"potentialAction\":[{\"@type\":\"ReadAction\",\"target\":[\"https:\/\/nicola-gartenpflege.de\/heckenschnitt-baumschnitt\/\"]}]},{\"@type\":\"BreadcrumbList\",\"@id\":\"https:\/\/nicola-gartenpflege.de\/heckenschnitt-baumschnitt\/#breadcrumb\",\"itemListElement\":[{\"@type\":\"ListItem\",\"position\":1,\"name\":\"Start\",\"item\":\"https:\/\/nicola-gartenpflege.de\/\"},{\"@type\":\"ListItem\",\"position\":2,\"name\":\"Heckenschnitt &#038; Baumschnitt\"}]},{\"@type\":\"WebSite\",\"@id\":\"https:\/\/nicola-gartenpflege.de\/#website\",\"url\":\"https:\/\/nicola-gartenpflege.de\/\",\"name\":\"Nicola\",\"description\":\"Garten- &amp; Landschaftsbau\",\"potentialAction\":[{\"@type\":\"SearchAction\",\"target\":{\"@type\":\"EntryPoint\",\"urlTemplate\":\"https:\/\/nicola-gartenpflege.de\/?s={search_term_string}\"},\"query-input\":{\"@type\":\"PropertyValueSpecification\",\"valueRequired\":true,\"valueName\":\"search_term_string\"}}],\"inLanguage\":\"es\"}]}<\/script>\n<!-- \/ Yoast SEO plugin. -->","yoast_head_json":{"title":"Heckenschnitt & Baumschnitt - Nicola","description":"Professioneller Hecken- und Baumschnitt: saubere Schnitte, gesunder Wuchs, sichere Baumpflege und fachgerechte Entsorgung.","robots":{"index":"index","follow":"follow","max-snippet":"max-snippet:-1","max-image-preview":"max-image-preview:large","max-video-preview":"max-video-preview:-1"},"canonical":"https:\/\/nicola-gartenpflege.de\/es\/heckenschnitt-baumschnitt\/","og_locale":"es_ES","og_type":"article","og_title":"Heckenschnitt & Baumschnitt - Nicola","og_description":"Professioneller Hecken- und Baumschnitt: saubere Schnitte, gesunder Wuchs, sichere Baumpflege und fachgerechte Entsorgung.","og_url":"https:\/\/nicola-gartenpflege.de\/es\/heckenschnitt-baumschnitt\/","og_site_name":"Nicola","article_modified_time":"2026-02-25T08:39:57+00:00","twitter_card":"summary_large_image","schema":{"@context":"https:\/\/schema.org","@graph":[{"@type":"WebPage","@id":"https:\/\/nicola-gartenpflege.de\/heckenschnitt-baumschnitt\/","url":"https:\/\/nicola-gartenpflege.de\/heckenschnitt-baumschnitt\/","name":"Heckenschnitt & Baumschnitt - Nicola","isPartOf":{"@id":"https:\/\/nicola-gartenpflege.de\/#website"},"datePublished":"2026-01-20T09:08:16+00:00","dateModified":"2026-02-25T08:39:57+00:00","description":"Professioneller Hecken- und Baumschnitt: saubere Schnitte, gesunder Wuchs, sichere Baumpflege und fachgerechte Entsorgung.","breadcrumb":{"@id":"https:\/\/nicola-gartenpflege.de\/heckenschnitt-baumschnitt\/#breadcrumb"},"inLanguage":"es","potentialAction":[{"@type":"ReadAction","target":["https:\/\/nicola-gartenpflege.de\/heckenschnitt-baumschnitt\/"]}]},{"@type":"BreadcrumbList","@id":"https:\/\/nicola-gartenpflege.de\/heckenschnitt-baumschnitt\/#breadcrumb","itemListElement":[{"@type":"ListItem","position":1,"name":"Start","item":"https:\/\/nicola-gartenpflege.de\/"},{"@type":"ListItem","position":2,"name":"Heckenschnitt &#038; Baumschnitt"}]},{"@type":"WebSite","@id":"https:\/\/nicola-gartenpflege.de\/#website","url":"https:\/\/nicola-gartenpflege.de\/","name":"Nicola","description":"Jardiner\u00eda y paisajismo","potentialAction":[{"@type":"SearchAction","target":{"@type":"EntryPoint","urlTemplate":"https:\/\/nicola-gartenpflege.de\/?s={search_term_string}"},"query-input":{"@type":"PropertyValueSpecification","valueRequired":true,"valueName":"search_term_string"}}],"inLanguage":"es"}]}},"_links":{"self":[{"href":"https:\/\/nicola-gartenpflege.de\/es\/wp-json\/wp\/v2\/pages\/223","targetHints":{"allow":["GET"]}}],"collection":[{"href":"https:\/\/nicola-gartenpflege.de\/es\/wp-json\/wp\/v2\/pages"}],"about":[{"href":"https:\/\/nicola-gartenpflege.de\/es\/wp-json\/wp\/v2\/types\/page"}],"author":[{"embeddable":true,"href":"https:\/\/nicola-gartenpflege.de\/es\/wp-json\/wp\/v2\/users\/1"}],"replies":[{"embeddable":true,"href":"https:\/\/nicola-gartenpflege.de\/es\/wp-json\/wp\/v2\/comments?post=223"}],"version-history":[{"count":10,"href":"https:\/\/nicola-gartenpflege.de\/es\/wp-json\/wp\/v2\/pages\/223\/revisions"}],"predecessor-version":[{"id":548,"href":"https:\/\/nicola-gartenpflege.de\/es\/wp-json\/wp\/v2\/pages\/223\/revisions\/548"}],"wp:attachment":[{"href":"https:\/\/nicola-gartenpflege.de\/es\/wp-json\/wp\/v2\/media?parent=223"}],"curies":[{"name":"wp","href":"https:\/\/api.w.org\/{rel}","templated":true}]}}