{"id":228,"date":"2026-01-20T10:08:16","date_gmt":"2026-01-20T09:08:16","guid":{"rendered":"https:\/\/nicola-gartenpflege.de\/?page_id=228"},"modified":"2026-02-25T09:41:08","modified_gmt":"2026-02-25T08:41:08","slug":"finca-service-mallorca","status":"publish","type":"page","link":"https:\/\/nicola-gartenpflege.de\/es\/finca-service-mallorca\/","title":{"rendered":"Finca Service Mallorca"},"content":{"rendered":"<div class=\"et_pb_section_0 et_pb_section et_section_regular et_block_section\"><\/div>\n\n<div class=\"et_pb_section_1 et_pb_section et_section_regular et_block_section\">\n<div class=\"et_pb_row_0 et_pb_row et_flex_row et_animated\">\n<div class=\"et_pb_column_0 et_pb_column et_flex_column et_pb_css_mix_blend_mode_passthrough et_flex_column_3_5 et_flex_column_3_5_tablet et_flex_column_24_24_phone\">\n<div class=\"et_pb_text_0 et_pb_text et_pb_bg_layout_light et_pb_module et_block_module\"><div class=\"et_pb_text_inner\"><h1>Finca Service Mallorca<\/h1>\n<\/div><\/div>\n\n<div class=\"et_pb_text_1 et_pb_text et_pb_bg_layout_light et_pb_module et_block_module preset--module--divi-text--m0tk7064a9\"><div class=\"et_pb_text_inner\"><p><strong>Finca Service Mallorca fiable para su propiedad - todo el a\u00f1o. Cuidamos de su casa, piscina y propiedad para que pueda relajarse y disfrutar de su tiempo en la isla. Personalizado, estructurado y con un ojo entrenado para el detalle.<\/strong><\/p>\n<p>Su finca es algo m\u00e1s que una propiedad. Es un refugio, una inversi\u00f3n y un estilo de vida al mismo tiempo. Para mantener esta sensaci\u00f3n, necesita un servicio de finca fiable que asuma la responsabilidad y le proporcione apoyo continuo, especialmente cuando usted no se encuentre en el lugar. Nuestro Finca Service Mallorca se asegura de que la casa, la piscina y la propiedad se mantengan, revisen y conserven en las mejores condiciones en todo momento.<\/p>\n<p>Con procesos claros, personas de contacto fijas y controles regulares, nuestro Finca Service Mallorca se encarga de la gesti\u00f3n continua de su propiedad. As\u00ed puede estar seguro de que todo funciona a la perfecci\u00f3n y puede llegar a Mallorca relajado en todo momento.<\/p>\n<\/div><\/div>\n<\/div>\n\n<div class=\"et_pb_column_1 et_pb_column et-last-child et_flex_column et_pb_css_mix_blend_mode_passthrough et_flex_column_2_5 et_flex_column_2_5_tablet et_flex_column_24_24_phone\">\n<div class=\"et_pb_image_0 et_pb_image et_animated et_pb_module et_block_module\"><span class=\"et_pb_image_wrap\"><img loading=\"lazy\" decoding=\"async\" src=\"https:\/\/nicola-gartenpflege.de\/wp-content\/uploads\/2026\/01\/finca-service.jpg\" title=\"servicio finca\" width=\"1200\" height=\"800\" srcset=\"https:\/\/nicola-gartenpflege.de\/wp-content\/uploads\/2026\/01\/finca-service.jpg 1200w, https:\/\/nicola-gartenpflege.de\/wp-content\/uploads\/2026\/01\/finca-service-980x653.jpg 980w, https:\/\/nicola-gartenpflege.de\/wp-content\/uploads\/2026\/01\/finca-service-480x320.jpg 480w\" sizes=\"(min-width: 0px) and (max-width: 480px) 480px, (min-width: 481px) and (max-width: 980px) 980px, (min-width: 981px) 1200px, 100vw\" class=\"wp-image-272\" \/><\/span><\/div>\n\n<div class=\"et_pb_text_2 et_pb_text et_pb_bg_layout_light et_pb_module et_block_module preset--module--divi-text--m0tk7064a9\"><div class=\"et_pb_text_inner\"><p>Nuestro Finca Service Mallorca est\u00e1 dirigido a propietarios que quieren saber que su propiedad est\u00e1 en buenas manos - cuidada de forma fiable, organizada de forma estructurada y ejecutada con atenci\u00f3n al detalle. Para unas vacaciones relajadas y la conservaci\u00f3n del valor a largo plazo.<\/p>\n<\/div><\/div>\n<\/div>\n<\/div>\n<\/div>\n\n<div class=\"et_pb_section_2 et_pb_section et_section_regular et_block_section\">\n<div class=\"et_pb_row_1 et_pb_row et_flex_row et_animated\">\n<div class=\"et_pb_column_2 et_pb_column et_flex_column et_pb_css_mix_blend_mode_passthrough et_flex_column_12_24 et_flex_column_12_24_tablet et_flex_column_24_24_phone\">\n<div class=\"et_pb_blurb_0 et_pb_blurb et_pb_bg_layout_light et_pb_blurb_position_top et_pb_module et_block_module\"><div class=\"et_pb_blurb_content\"><div class=\"et_pb_main_blurb_image\"><span class=\"et_pb_image_wrap et_pb_only_image_mode_wrap\"><img loading=\"lazy\" decoding=\"async\" src=\"https:\/\/nicola-gartenpflege.de\/wp-content\/uploads\/2026\/02\/soeren-nicola_1600x1060.png\" width=\"1600\" height=\"1060\" srcset=\"https:\/\/nicola-gartenpflege.de\/wp-content\/uploads\/2026\/02\/soeren-nicola_1600x1060.png 1600w, https:\/\/nicola-gartenpflege.de\/wp-content\/uploads\/2026\/02\/soeren-nicola_1600x1060-1280x848.png 1280w, https:\/\/nicola-gartenpflege.de\/wp-content\/uploads\/2026\/02\/soeren-nicola_1600x1060-980x649.png 980w, https:\/\/nicola-gartenpflege.de\/wp-content\/uploads\/2026\/02\/soeren-nicola_1600x1060-480x318.png 480w\" sizes=\"(min-width: 0px) and (max-width: 480px) 480px, (min-width: 481px) and (max-width: 980px) 980px, (min-width: 981px) and (max-width: 1280px) 1280px, (min-width: 1281px) 1600px, 100vw\" class=\"et-waypoint et_pb_animation_top et_pb_animation_top_tablet et_pb_animation_top_phone wp-image-448\" title=\"soeren-nicola_1600x1060\" \/><\/span><\/div><div class=\"et_pb_blurb_container\"><h4 class=\"et_pb_module_header\">Limpieza y controles peri\u00f3dicos<\/h4><div class=\"et_pb_blurb_description\"><p>Como parte de nuestro servicio de finca, comprobamos el estado, la limpieza y la funcionalidad de su propiedad a intervalos regulares. Esto incluye inspecciones visuales, la ventilaci\u00f3n de las habitaciones, trabajos sencillos de limpieza y el reconocimiento de cualquier da\u00f1o o anomal\u00eda en una fase temprana. Si es necesario, coordinamos otras medidas o comerciantes de forma fiable y transparente. Este Finca Service Mallorca ofrece un alto grado de seguridad y conservaci\u00f3n del valor, especialmente durante los periodos de ausencia.<\/p>\n<\/div><\/div><\/div><\/div>\n<\/div>\n\n<div class=\"et_pb_column_3 et_pb_column et-last-child et_flex_column et_pb_css_mix_blend_mode_passthrough et_flex_column_12_24 et_flex_column_12_24_tablet et_flex_column_24_24_phone\">\n<div class=\"et_pb_blurb_1 et_pb_blurb et_pb_bg_layout_light et_pb_blurb_position_top et_pb_module et_block_module\"><div class=\"et_pb_blurb_content\"><div class=\"et_pb_main_blurb_image\"><span class=\"et_pb_image_wrap et_pb_only_image_mode_wrap\"><img loading=\"lazy\" decoding=\"async\" src=\"https:\/\/nicola-gartenpflege.de\/wp-content\/uploads\/2025\/12\/153133186_l1.jpg\" width=\"1200\" height=\"800\" srcset=\"https:\/\/nicola-gartenpflege.de\/wp-content\/uploads\/2025\/12\/153133186_l1.jpg 1200w, https:\/\/nicola-gartenpflege.de\/wp-content\/uploads\/2025\/12\/153133186_l1-980x653.jpg 980w, https:\/\/nicola-gartenpflege.de\/wp-content\/uploads\/2025\/12\/153133186_l1-480x320.jpg 480w\" sizes=\"(min-width: 0px) and (max-width: 480px) 480px, (min-width: 481px) and (max-width: 980px) 980px, (min-width: 981px) 1200px, 100vw\" class=\"et-waypoint et_pb_animation_top et_pb_animation_top_tablet et_pb_animation_top_phone wp-image-195\" \/><\/span><\/div><div class=\"et_pb_blurb_container\"><h4 class=\"et_pb_module_header\">Cuidado de la piscina y calidad del agua<\/h4><div class=\"et_pb_blurb_description\"><p>Una piscina bien mantenida es indispensable en Mallorca y al mismo tiempo requiere mucho cuidado. Como parte de nuestro Finca Service Mallorca, nos encargamos del mantenimiento regular de la piscina, incluyendo la limpieza, la comprobaci\u00f3n de los valores del agua y las medidas estacionales, como la puesta en marcha o la preparaci\u00f3n para el invierno. Esto mantiene el agua higi\u00e9nica, clara y utilizable en todo momento sin que usted tenga que preocuparse por ello.<\/p>\n<\/div><\/div><\/div><\/div>\n<\/div>\n<\/div>\n\n<div class=\"et_pb_row_2 et_pb_row et_flex_row et_animated\">\n<div class=\"et_pb_column_4 et_pb_column et_flex_column et_pb_css_mix_blend_mode_passthrough et_flex_column_12_24 et_flex_column_12_24_tablet et_flex_column_24_24_phone\">\n<div class=\"et_pb_blurb_2 et_pb_blurb et_pb_bg_layout_light et_pb_blurb_position_top et_pb_module et_block_module\"><div class=\"et_pb_blurb_content\"><div class=\"et_pb_main_blurb_image\"><span class=\"et_pb_image_wrap et_pb_only_image_mode_wrap\"><img loading=\"lazy\" decoding=\"async\" src=\"https:\/\/nicola-gartenpflege.de\/wp-content\/uploads\/2025\/12\/255326575_l2.jpg\" width=\"1012\" height=\"670\" srcset=\"https:\/\/nicola-gartenpflege.de\/wp-content\/uploads\/2025\/12\/255326575_l2.jpg 1012w, https:\/\/nicola-gartenpflege.de\/wp-content\/uploads\/2025\/12\/255326575_l2-980x649.jpg 980w, https:\/\/nicola-gartenpflege.de\/wp-content\/uploads\/2025\/12\/255326575_l2-480x318.jpg 480w\" sizes=\"(min-width: 0px) and (max-width: 480px) 480px, (min-width: 481px) and (max-width: 980px) 980px, (min-width: 981px) 1012px, 100vw\" class=\"et-waypoint et_pb_animation_top et_pb_animation_top_tablet et_pb_animation_top_phone wp-image-194\" \/><\/span><\/div><div class=\"et_pb_blurb_container\"><h4 class=\"et_pb_module_header\">Cuidado de \u00e1rboles y setos, especialmente olivos y limoneros<\/h4><div class=\"et_pb_blurb_description\"><p>Las fincas mediterr\u00e1neas requieren un cuidado continuo. Nuestro servicio para fincas incluye el mantenimiento de caminos, terrazas, zonas lim\u00edtrofes y espacios verdes, as\u00ed como trabajos de limpieza, eliminaci\u00f3n de hojas y vegetaci\u00f3n y un seguimiento continuo del estado general de sus instalaciones exteriores. El objetivo es lograr una impresi\u00f3n general ordenada, segura y representativa, que se mantenga durante todo el a\u00f1o.<\/p>\n<\/div><\/div><\/div><\/div>\n<\/div>\n\n<div class=\"et_pb_column_5 et_pb_column et-last-child et_flex_column et_pb_css_mix_blend_mode_passthrough et_flex_column_12_24 et_flex_column_12_24_tablet et_flex_column_24_24_phone\">\n<div class=\"et_pb_blurb_3 et_pb_blurb et_pb_bg_layout_light et_pb_blurb_position_top et_pb_module et_block_module\"><div class=\"et_pb_blurb_content\"><div class=\"et_pb_main_blurb_image\"><span class=\"et_pb_image_wrap et_pb_only_image_mode_wrap\"><img loading=\"lazy\" decoding=\"async\" src=\"https:\/\/nicola-gartenpflege.de\/wp-content\/uploads\/2026\/02\/soeren-nicola_1600x1060-2.png\" width=\"1600\" height=\"1060\" srcset=\"https:\/\/nicola-gartenpflege.de\/wp-content\/uploads\/2026\/02\/soeren-nicola_1600x1060-2.png 1600w, https:\/\/nicola-gartenpflege.de\/wp-content\/uploads\/2026\/02\/soeren-nicola_1600x1060-2-1280x848.png 1280w, https:\/\/nicola-gartenpflege.de\/wp-content\/uploads\/2026\/02\/soeren-nicola_1600x1060-2-980x649.png 980w, https:\/\/nicola-gartenpflege.de\/wp-content\/uploads\/2026\/02\/soeren-nicola_1600x1060-2-480x318.png 480w\" sizes=\"(min-width: 0px) and (max-width: 480px) 480px, (min-width: 481px) and (max-width: 980px) 980px, (min-width: 981px) and (max-width: 1280px) 1280px, (min-width: 1281px) 1600px, 100vw\" class=\"et-waypoint et_pb_animation_top et_pb_animation_top_tablet et_pb_animation_top_phone wp-image-445\" title=\"soeren-nicola_1600x1060-2\" \/><\/span><\/div><div class=\"et_pb_blurb_container\"><h4 class=\"et_pb_module_header\">Mantenimiento de la propiedad y zonas exteriores<\/h4><div class=\"et_pb_blurb_description\"><p>Otra parte de nuestro Finca Service Mallorca es el cuidado profesional de \u00e1rboles mediterr\u00e1neos como olivos y limoneros. Las medidas de poda espec\u00edficas mantienen la forma, vitalidad y fructificaci\u00f3n de los \u00e1rboles. Tambi\u00e9n nos ocupamos de los setos alrededor de la propiedad - orientados al crecimiento, pulcramente ejecutados y adaptados a los ciclos de vegetaci\u00f3n de Mallorca. Esto garantiza que su propiedad se mantenga en buen estado y conserve su valor.<\/p>\n<\/div><\/div><\/div><\/div>\n<\/div>\n<\/div>\n<\/div>","protected":false},"excerpt":{"rendered":"","protected":false},"author":1,"featured_media":0,"parent":0,"menu_order":0,"comment_status":"closed","ping_status":"closed","template":"","meta":{"footnotes":""},"class_list":["post-228","page","type-page","status-publish","hentry"],"yoast_head":"<!-- This site is optimized with the Yoast SEO plugin v27.0 - https:\/\/yoast.com\/product\/yoast-seo-wordpress\/ -->\n<title>Finca Service Mallorca - Nicola<\/title>\n<meta name=\"description\" content=\"Finca Service auf Mallorca: Hausbetreuung, Poolpflege, Grundst\u00fcckspflege sowie Oliven- und Zitronenbaum Pflege. Zuverl\u00e4ssig &amp; ganzj\u00e4hrig.\" \/>\n<meta name=\"robots\" content=\"index, follow, max-snippet:-1, max-image-preview:large, max-video-preview:-1\" \/>\n<link rel=\"canonical\" href=\"https:\/\/nicola-gartenpflege.de\/es\/finca-service-mallorca\/\" \/>\n<meta property=\"og:locale\" content=\"es_ES\" \/>\n<meta property=\"og:type\" content=\"article\" \/>\n<meta property=\"og:title\" content=\"Finca Service Mallorca - Nicola\" \/>\n<meta property=\"og:description\" content=\"Finca Service auf Mallorca: Hausbetreuung, Poolpflege, Grundst\u00fcckspflege sowie Oliven- und Zitronenbaum Pflege. Zuverl\u00e4ssig &amp; ganzj\u00e4hrig.\" \/>\n<meta property=\"og:url\" content=\"https:\/\/nicola-gartenpflege.de\/es\/finca-service-mallorca\/\" \/>\n<meta property=\"og:site_name\" content=\"Nicola\" \/>\n<meta property=\"article:modified_time\" content=\"2026-02-25T08:41:08+00:00\" \/>\n<meta name=\"twitter:card\" content=\"summary_large_image\" \/>\n<script type=\"application\/ld+json\" class=\"yoast-schema-graph\">{\"@context\":\"https:\/\/schema.org\",\"@graph\":[{\"@type\":\"WebPage\",\"@id\":\"https:\/\/nicola-gartenpflege.de\/finca-service-mallorca\/\",\"url\":\"https:\/\/nicola-gartenpflege.de\/finca-service-mallorca\/\",\"name\":\"Finca Service Mallorca - Nicola\",\"isPartOf\":{\"@id\":\"https:\/\/nicola-gartenpflege.de\/#website\"},\"datePublished\":\"2026-01-20T09:08:16+00:00\",\"dateModified\":\"2026-02-25T08:41:08+00:00\",\"description\":\"Finca Service auf Mallorca: Hausbetreuung, Poolpflege, Grundst\u00fcckspflege sowie Oliven- und Zitronenbaum Pflege. Zuverl\u00e4ssig & ganzj\u00e4hrig.\",\"breadcrumb\":{\"@id\":\"https:\/\/nicola-gartenpflege.de\/finca-service-mallorca\/#breadcrumb\"},\"inLanguage\":\"es\",\"potentialAction\":[{\"@type\":\"ReadAction\",\"target\":[\"https:\/\/nicola-gartenpflege.de\/finca-service-mallorca\/\"]}]},{\"@type\":\"BreadcrumbList\",\"@id\":\"https:\/\/nicola-gartenpflege.de\/finca-service-mallorca\/#breadcrumb\",\"itemListElement\":[{\"@type\":\"ListItem\",\"position\":1,\"name\":\"Start\",\"item\":\"https:\/\/nicola-gartenpflege.de\/\"},{\"@type\":\"ListItem\",\"position\":2,\"name\":\"Finca Service Mallorca\"}]},{\"@type\":\"WebSite\",\"@id\":\"https:\/\/nicola-gartenpflege.de\/#website\",\"url\":\"https:\/\/nicola-gartenpflege.de\/\",\"name\":\"Nicola\",\"description\":\"Garten- &amp; Landschaftsbau\",\"potentialAction\":[{\"@type\":\"SearchAction\",\"target\":{\"@type\":\"EntryPoint\",\"urlTemplate\":\"https:\/\/nicola-gartenpflege.de\/?s={search_term_string}\"},\"query-input\":{\"@type\":\"PropertyValueSpecification\",\"valueRequired\":true,\"valueName\":\"search_term_string\"}}],\"inLanguage\":\"es\"}]}<\/script>\n<!-- \/ Yoast SEO plugin. -->","yoast_head_json":{"title":"Finca Service Mallorca - Nicola","description":"Finca Service auf Mallorca: Hausbetreuung, Poolpflege, Grundst\u00fcckspflege sowie Oliven- und Zitronenbaum Pflege. Zuverl\u00e4ssig & ganzj\u00e4hrig.","robots":{"index":"index","follow":"follow","max-snippet":"max-snippet:-1","max-image-preview":"max-image-preview:large","max-video-preview":"max-video-preview:-1"},"canonical":"https:\/\/nicola-gartenpflege.de\/es\/finca-service-mallorca\/","og_locale":"es_ES","og_type":"article","og_title":"Finca Service Mallorca - Nicola","og_description":"Finca Service auf Mallorca: Hausbetreuung, Poolpflege, Grundst\u00fcckspflege sowie Oliven- und Zitronenbaum Pflege. Zuverl\u00e4ssig & ganzj\u00e4hrig.","og_url":"https:\/\/nicola-gartenpflege.de\/es\/finca-service-mallorca\/","og_site_name":"Nicola","article_modified_time":"2026-02-25T08:41:08+00:00","twitter_card":"summary_large_image","schema":{"@context":"https:\/\/schema.org","@graph":[{"@type":"WebPage","@id":"https:\/\/nicola-gartenpflege.de\/finca-service-mallorca\/","url":"https:\/\/nicola-gartenpflege.de\/finca-service-mallorca\/","name":"Finca Service Mallorca - Nicola","isPartOf":{"@id":"https:\/\/nicola-gartenpflege.de\/#website"},"datePublished":"2026-01-20T09:08:16+00:00","dateModified":"2026-02-25T08:41:08+00:00","description":"Finca Service auf Mallorca: Hausbetreuung, Poolpflege, Grundst\u00fcckspflege sowie Oliven- und Zitronenbaum Pflege. Zuverl\u00e4ssig & ganzj\u00e4hrig.","breadcrumb":{"@id":"https:\/\/nicola-gartenpflege.de\/finca-service-mallorca\/#breadcrumb"},"inLanguage":"es","potentialAction":[{"@type":"ReadAction","target":["https:\/\/nicola-gartenpflege.de\/finca-service-mallorca\/"]}]},{"@type":"BreadcrumbList","@id":"https:\/\/nicola-gartenpflege.de\/finca-service-mallorca\/#breadcrumb","itemListElement":[{"@type":"ListItem","position":1,"name":"Start","item":"https:\/\/nicola-gartenpflege.de\/"},{"@type":"ListItem","position":2,"name":"Finca Service Mallorca"}]},{"@type":"WebSite","@id":"https:\/\/nicola-gartenpflege.de\/#website","url":"https:\/\/nicola-gartenpflege.de\/","name":"Nicola","description":"Jardiner\u00eda y paisajismo","potentialAction":[{"@type":"SearchAction","target":{"@type":"EntryPoint","urlTemplate":"https:\/\/nicola-gartenpflege.de\/?s={search_term_string}"},"query-input":{"@type":"PropertyValueSpecification","valueRequired":true,"valueName":"search_term_string"}}],"inLanguage":"es"}]}},"_links":{"self":[{"href":"https:\/\/nicola-gartenpflege.de\/es\/wp-json\/wp\/v2\/pages\/228","targetHints":{"allow":["GET"]}}],"collection":[{"href":"https:\/\/nicola-gartenpflege.de\/es\/wp-json\/wp\/v2\/pages"}],"about":[{"href":"https:\/\/nicola-gartenpflege.de\/es\/wp-json\/wp\/v2\/types\/page"}],"author":[{"embeddable":true,"href":"https:\/\/nicola-gartenpflege.de\/es\/wp-json\/wp\/v2\/users\/1"}],"replies":[{"embeddable":true,"href":"https:\/\/nicola-gartenpflege.de\/es\/wp-json\/wp\/v2\/comments?post=228"}],"version-history":[{"count":11,"href":"https:\/\/nicola-gartenpflege.de\/es\/wp-json\/wp\/v2\/pages\/228\/revisions"}],"predecessor-version":[{"id":550,"href":"https:\/\/nicola-gartenpflege.de\/es\/wp-json\/wp\/v2\/pages\/228\/revisions\/550"}],"wp:attachment":[{"href":"https:\/\/nicola-gartenpflege.de\/es\/wp-json\/wp\/v2\/media?parent=228"}],"curies":[{"name":"wp","href":"https:\/\/api.w.org\/{rel}","templated":true}]}}