{"id":258,"date":"2026-01-20T15:30:40","date_gmt":"2026-01-20T14:30:40","guid":{"rendered":"https:\/\/nicola-gartenpflege.de\/?page_id=258"},"modified":"2026-02-25T09:41:58","modified_gmt":"2026-02-25T08:41:58","slug":"haeufige-fragen","status":"publish","type":"page","link":"https:\/\/nicola-gartenpflege.de\/es\/haeufige-fragen\/","title":{"rendered":"FAQ"},"content":{"rendered":"<div class=\"et_pb_section_0 et_pb_section et_section_regular et_block_section\"><\/div>\n\n<div class=\"et_pb_section_1 et_pb_section et_section_regular et_block_section\">\n<div class=\"et_pb_row_0 et_pb_row et_block_row et_animated\">\n<div class=\"et_pb_column_0 et_pb_column et_pb_column_1_2 et_block_column et_pb_css_mix_blend_mode_passthrough\">\n<div class=\"et_pb_text_0 et_pb_text et_pb_bg_layout_light et_pb_module et_block_module preset--module--divi-text--bmwgw32itw\"><div class=\"et_pb_text_inner\"><h1>Preguntas frecuentes - FAQ<\/h1>\n<\/div><\/div>\n\n<div class=\"et_pb_toggle_0 et_pb_toggle et_pb_toggle_item et_pb_toggle_close et_pb_module et_flex_module preset--module--divi-toggle--6b08bze1i1\"><h4 class=\"et_pb_toggle_title\">\u00bfPara qu\u00e9 jardines y propiedades ofrece sus servicios?<\/h4><div class=\"et_pb_toggle_content clearfix et_flex_module\"><p>Nos ocupamos de jardines privados, fincas, propiedades vacacionales y espacios exteriores comerciales, desde los m\u00e1s peque\u00f1os a los m\u00e1s grandes.<\/p>\n<\/div><\/div>\n\n<div class=\"et_pb_toggle_1 et_pb_toggle et_pb_toggle_item et_pb_toggle_close et_animated et_pb_module et_block_module preset--module--divi-toggle--6b08bze1i1\"><h4 class=\"et_pb_toggle_title\">\u00bfTengo que estar in situ cuando est\u00e9n trabajando?<\/h4><div class=\"et_pb_toggle_content clearfix\"><p>No. Muchos de nuestros clientes no est\u00e1n permanentemente en Mallorca. Aclaramos el acceso, el procedimiento y la comunicaci\u00f3n de antemano.<\/p>\n<\/div><\/div>\n\n<div class=\"et_pb_toggle_2 et_pb_toggle et_pb_toggle_item et_pb_toggle_close et_animated et_pb_module et_block_module preset--module--divi-toggle--6b08bze1i1\"><h4 class=\"et_pb_toggle_title\">\u00bfTrabajan tambi\u00e9n regularmente durante mi ausencia?<\/h4><div class=\"et_pb_toggle_content clearfix\"><p>S\u00ed, el mantenimiento peri\u00f3dico y las inspecciones visuales forman parte de nuestros servicios b\u00e1sicos.<\/p>\n<\/div><\/div>\n\n<div class=\"et_pb_toggle_3 et_pb_toggle et_pb_toggle_item et_pb_toggle_close et_animated et_pb_module et_block_module preset--module--divi-toggle--6b08bze1i1\"><h4 class=\"et_pb_toggle_title\">\u00bfCon qu\u00e9 frecuencia vienen para el mantenimiento del jard\u00edn?<\/h4><div class=\"et_pb_toggle_content clearfix\"><p>Seg\u00fan las necesidades, semanal, quincenal o mensual. Recomendamos intervalos m\u00e1s cortos en los meses de verano.<\/p>\n<\/div><\/div>\n\n<div class=\"et_pb_toggle_4 et_pb_toggle et_pb_toggle_item et_pb_toggle_close et_animated et_pb_module et_block_module preset--module--divi-toggle--6b08bze1i1\"><h4 class=\"et_pb_toggle_title\">\u00bfQu\u00e9 incluye el mantenimiento continuo del jard\u00edn?<\/h4><div class=\"et_pb_toggle_content clearfix\"><p>Las tareas t\u00edpicas incluyen el mantenimiento del c\u00e9sped y las zonas verdes, la poda, la eliminaci\u00f3n de malas hierbas, el control del riego y los trabajos de mantenimiento general.<\/p>\n<\/div><\/div>\n\n<div class=\"et_pb_toggle_5 et_pb_toggle et_pb_toggle_item et_pb_toggle_close et_animated et_pb_module et_block_module preset--module--divi-toggle--6b08bze1i1\"><h4 class=\"et_pb_toggle_title\">\u00bfC\u00f3mo se calcula el precio: a tanto alzado o por horas?<\/h4><div class=\"et_pb_toggle_content clearfix\"><p>El mantenimiento peri\u00f3dico suele realizarse a un precio fijo. Los trabajos individuales o servicios especiales se cobran por tiempo y material. P\u00f3ngase en contacto con nosotros para hablar de sus necesidades y objetivos.<\/p>\n<\/div><\/div>\n<\/div>\n\n<div class=\"et_pb_column_1 et_pb_column et_pb_column_1_2 et-last-child et_block_column et_pb_css_mix_blend_mode_passthrough\">\n<div class=\"et_pb_image_0 et_pb_image et_animated et_pb_module et_block_module preset--module--divi-image--42fdxnkaxl\"><span class=\"et_pb_image_wrap\"><img loading=\"lazy\" decoding=\"async\" src=\"https:\/\/nicola-gartenpflege.de\/wp-content\/uploads\/2025\/12\/153133186_l1.jpg\" title=\"153133186_l(1)\" width=\"1200\" height=\"800\" srcset=\"https:\/\/nicola-gartenpflege.de\/wp-content\/uploads\/2025\/12\/153133186_l1.jpg 1200w, https:\/\/nicola-gartenpflege.de\/wp-content\/uploads\/2025\/12\/153133186_l1-980x653.jpg 980w, https:\/\/nicola-gartenpflege.de\/wp-content\/uploads\/2025\/12\/153133186_l1-480x320.jpg 480w\" sizes=\"(min-width: 0px) and (max-width: 480px) 480px, (min-width: 481px) and (max-width: 980px) 980px, (min-width: 981px) 1200px, 100vw\" class=\"wp-image-195\" \/><\/span><\/div>\n\n<div class=\"et_pb_toggle_6 et_pb_toggle et_pb_toggle_item et_pb_toggle_close et_animated et_pb_module et_block_module preset--module--divi-toggle--6b08bze1i1\"><h4 class=\"et_pb_toggle_title\">\u00bfCu\u00e1nto cuesta al mes el mantenimiento profesional de un jard\u00edn?<\/h4><div class=\"et_pb_toggle_content clearfix\"><p>Dependiendo del tama\u00f1o de la parcela, el estado de mantenimiento y la frecuencia, los costes suelen oscilar entre 300 y una moderada suma de cuatro cifras al mes.<\/p>\n<\/div><\/div>\n\n<div class=\"et_pb_toggle_7 et_pb_toggle et_pb_toggle_item et_pb_toggle_close et_animated et_pb_module et_block_module preset--module--divi-toggle--6b08bze1i1\"><h4 class=\"et_pb_toggle_title\">\u00bfExisten condiciones m\u00ednimas para los contratos de asistencia?<\/h4><div class=\"et_pb_toggle_content clearfix\" data-et-mv-hidden-phone=\"true\"><p>S\u00ed, normalmente 6 meses para garantizar una calidad constante. No obstante, estaremos encantados de adaptarnos a sus necesidades y objetivos individuales.<\/p>\n<\/div><\/div>\n\n<div class=\"et_pb_toggle_8 et_pb_toggle et_pb_toggle_item et_pb_toggle_close et_animated et_pb_module et_block_module preset--module--divi-toggle--6b08bze1i1\"><h4 class=\"et_pb_toggle_title\">\u00bfEst\u00e1 incluida en el precio la eliminaci\u00f3n de residuos verdes?<\/h4><div class=\"et_pb_toggle_content clearfix\"><p>Se incluyen las cantidades normales. Puede aplicarse una tarifa plana adicional para trabajos de corte m\u00e1s grandes (XYZ).<\/p>\n<\/div><\/div>\n\n<div class=\"et_pb_toggle_9 et_pb_toggle et_pb_toggle_item et_pb_toggle_close et_animated et_pb_module et_block_module preset--module--divi-toggle--6b08bze1i1\"><h4 class=\"et_pb_toggle_title\">\u00bfTambi\u00e9n poda \u00e1rboles grandes y setos altos, incluso palmeras?<\/h4><div class=\"et_pb_toggle_content clearfix\"><p>S\u00ed, por regla general ninguna planta es demasiado grande para nosotros. El esfuerzo y el precio dependen de la altura, la accesibilidad y los requisitos de seguridad.<\/p>\n<\/div><\/div>\n\n<div class=\"et_pb_toggle_10 et_pb_toggle et_pb_toggle_item et_pb_toggle_close et_animated et_pb_module et_block_module preset--module--divi-toggle--6b08bze1i1\"><h4 class=\"et_pb_toggle_title\">\u00bfCu\u00e1nto cuesta el mantenimiento puntual del jard\u00edn o la poda de setos?<\/h4><div class=\"et_pb_toggle_content clearfix\"><p>Los encargos puntuales suelen ser a partir de 300 euros, dependiendo del alcance y la disposici\u00f3n. No dude en ponerse en contacto con nosotros.<\/p>\n<\/div><\/div>\n\n<div class=\"et_pb_toggle_11 et_pb_toggle et_pb_toggle_item et_pb_toggle_close et_animated et_pb_module et_block_module preset--module--divi-toggle--6b08bze1i1\"><h4 class=\"et_pb_toggle_title\">\u00bfEn cu\u00e1nto tiempo recibir\u00e9 una oferta?<\/h4><div class=\"et_pb_toggle_content clearfix\"><p>Una vez que se haya puesto en contacto con nosotros y posteriormente haya inspeccionado la propiedad o proporcionado documentaci\u00f3n fotogr\u00e1fica, normalmente lo hacemos en un plazo de tres d\u00edas laborables.<\/p>\n<\/div><\/div>\n<\/div>\n<\/div>\n<\/div>","protected":false},"excerpt":{"rendered":"","protected":false},"author":1,"featured_media":0,"parent":0,"menu_order":0,"comment_status":"closed","ping_status":"closed","template":"","meta":{"footnotes":""},"class_list":["post-258","page","type-page","status-publish","hentry"],"yoast_head":"<!-- This site is optimized with the Yoast SEO plugin v27.0 - https:\/\/yoast.com\/product\/yoast-seo-wordpress\/ -->\n<title>H\u00e4ufige Fragen - Nicola<\/title>\n<meta name=\"robots\" content=\"index, follow, max-snippet:-1, max-image-preview:large, max-video-preview:-1\" \/>\n<link rel=\"canonical\" href=\"https:\/\/nicola-gartenpflege.de\/es\/haeufige-fragen\/\" \/>\n<meta property=\"og:locale\" content=\"es_ES\" \/>\n<meta property=\"og:type\" content=\"article\" \/>\n<meta property=\"og:title\" content=\"H\u00e4ufige Fragen - Nicola\" \/>\n<meta property=\"og:url\" content=\"https:\/\/nicola-gartenpflege.de\/es\/haeufige-fragen\/\" \/>\n<meta property=\"og:site_name\" content=\"Nicola\" \/>\n<meta property=\"article:modified_time\" content=\"2026-02-25T08:41:58+00:00\" \/>\n<meta name=\"twitter:card\" content=\"summary_large_image\" \/>\n<script type=\"application\/ld+json\" class=\"yoast-schema-graph\">{\"@context\":\"https:\/\/schema.org\",\"@graph\":[{\"@type\":\"WebPage\",\"@id\":\"https:\/\/nicola-gartenpflege.de\/haeufige-fragen\/\",\"url\":\"https:\/\/nicola-gartenpflege.de\/haeufige-fragen\/\",\"name\":\"H\u00e4ufige Fragen - Nicola\",\"isPartOf\":{\"@id\":\"https:\/\/nicola-gartenpflege.de\/#website\"},\"datePublished\":\"2026-01-20T14:30:40+00:00\",\"dateModified\":\"2026-02-25T08:41:58+00:00\",\"breadcrumb\":{\"@id\":\"https:\/\/nicola-gartenpflege.de\/haeufige-fragen\/#breadcrumb\"},\"inLanguage\":\"es\",\"potentialAction\":[{\"@type\":\"ReadAction\",\"target\":[\"https:\/\/nicola-gartenpflege.de\/haeufige-fragen\/\"]}]},{\"@type\":\"BreadcrumbList\",\"@id\":\"https:\/\/nicola-gartenpflege.de\/haeufige-fragen\/#breadcrumb\",\"itemListElement\":[{\"@type\":\"ListItem\",\"position\":1,\"name\":\"Start\",\"item\":\"https:\/\/nicola-gartenpflege.de\/\"},{\"@type\":\"ListItem\",\"position\":2,\"name\":\"H\u00e4ufige Fragen\"}]},{\"@type\":\"WebSite\",\"@id\":\"https:\/\/nicola-gartenpflege.de\/#website\",\"url\":\"https:\/\/nicola-gartenpflege.de\/\",\"name\":\"Nicola\",\"description\":\"Garten- &amp; Landschaftsbau\",\"potentialAction\":[{\"@type\":\"SearchAction\",\"target\":{\"@type\":\"EntryPoint\",\"urlTemplate\":\"https:\/\/nicola-gartenpflege.de\/?s={search_term_string}\"},\"query-input\":{\"@type\":\"PropertyValueSpecification\",\"valueRequired\":true,\"valueName\":\"search_term_string\"}}],\"inLanguage\":\"es\"}]}<\/script>\n<!-- \/ Yoast SEO plugin. -->","yoast_head_json":{"title":"H\u00e4ufige Fragen - Nicola","robots":{"index":"index","follow":"follow","max-snippet":"max-snippet:-1","max-image-preview":"max-image-preview:large","max-video-preview":"max-video-preview:-1"},"canonical":"https:\/\/nicola-gartenpflege.de\/es\/haeufige-fragen\/","og_locale":"es_ES","og_type":"article","og_title":"H\u00e4ufige Fragen - Nicola","og_url":"https:\/\/nicola-gartenpflege.de\/es\/haeufige-fragen\/","og_site_name":"Nicola","article_modified_time":"2026-02-25T08:41:58+00:00","twitter_card":"summary_large_image","schema":{"@context":"https:\/\/schema.org","@graph":[{"@type":"WebPage","@id":"https:\/\/nicola-gartenpflege.de\/haeufige-fragen\/","url":"https:\/\/nicola-gartenpflege.de\/haeufige-fragen\/","name":"H\u00e4ufige Fragen - Nicola","isPartOf":{"@id":"https:\/\/nicola-gartenpflege.de\/#website"},"datePublished":"2026-01-20T14:30:40+00:00","dateModified":"2026-02-25T08:41:58+00:00","breadcrumb":{"@id":"https:\/\/nicola-gartenpflege.de\/haeufige-fragen\/#breadcrumb"},"inLanguage":"es","potentialAction":[{"@type":"ReadAction","target":["https:\/\/nicola-gartenpflege.de\/haeufige-fragen\/"]}]},{"@type":"BreadcrumbList","@id":"https:\/\/nicola-gartenpflege.de\/haeufige-fragen\/#breadcrumb","itemListElement":[{"@type":"ListItem","position":1,"name":"Start","item":"https:\/\/nicola-gartenpflege.de\/"},{"@type":"ListItem","position":2,"name":"H\u00e4ufige Fragen"}]},{"@type":"WebSite","@id":"https:\/\/nicola-gartenpflege.de\/#website","url":"https:\/\/nicola-gartenpflege.de\/","name":"Nicola","description":"Jardiner\u00eda y paisajismo","potentialAction":[{"@type":"SearchAction","target":{"@type":"EntryPoint","urlTemplate":"https:\/\/nicola-gartenpflege.de\/?s={search_term_string}"},"query-input":{"@type":"PropertyValueSpecification","valueRequired":true,"valueName":"search_term_string"}}],"inLanguage":"es"}]}},"_links":{"self":[{"href":"https:\/\/nicola-gartenpflege.de\/es\/wp-json\/wp\/v2\/pages\/258","targetHints":{"allow":["GET"]}}],"collection":[{"href":"https:\/\/nicola-gartenpflege.de\/es\/wp-json\/wp\/v2\/pages"}],"about":[{"href":"https:\/\/nicola-gartenpflege.de\/es\/wp-json\/wp\/v2\/types\/page"}],"author":[{"embeddable":true,"href":"https:\/\/nicola-gartenpflege.de\/es\/wp-json\/wp\/v2\/users\/1"}],"replies":[{"embeddable":true,"href":"https:\/\/nicola-gartenpflege.de\/es\/wp-json\/wp\/v2\/comments?post=258"}],"version-history":[{"count":33,"href":"https:\/\/nicola-gartenpflege.de\/es\/wp-json\/wp\/v2\/pages\/258\/revisions"}],"predecessor-version":[{"id":551,"href":"https:\/\/nicola-gartenpflege.de\/es\/wp-json\/wp\/v2\/pages\/258\/revisions\/551"}],"wp:attachment":[{"href":"https:\/\/nicola-gartenpflege.de\/es\/wp-json\/wp\/v2\/media?parent=258"}],"curies":[{"name":"wp","href":"https:\/\/api.w.org\/{rel}","templated":true}]}}