{"id":3,"date":"2026-01-20T10:08:16","date_gmt":"2026-01-20T09:08:16","guid":{"rendered":"https:\/\/nicola-gartenpflege.de\/?page_id=3"},"modified":"2026-02-16T16:08:48","modified_gmt":"2026-02-16T15:08:48","slug":"datenschutz","status":"publish","type":"page","link":"https:\/\/nicola-gartenpflege.de\/es\/datenschutz\/","title":{"rendered":"Pol\u00edtica de privacidad"},"content":{"rendered":"<h2>1. la protecci\u00f3n de datos de un vistazo<\/h2>\n<h3>Informaci\u00f3n general<\/h3>\n<p>La siguiente informaci\u00f3n ofrece una visi\u00f3n general de lo que ocurre con sus datos personales cuando visita este sitio web. Por datos personales se entiende cualquier dato que pueda utilizarse para identificarle personalmente. Encontrar\u00e1 informaci\u00f3n detallada sobre el tema de la protecci\u00f3n de datos en nuestra declaraci\u00f3n de protecci\u00f3n de datos que figura debajo de este texto.<\/p>\n<h3>Recogida de datos en este sitio web<\/h3>\n<h4>\u00bfQui\u00e9n es responsable de la recogida de datos en este sitio web?<\/h4>\n<p>El tratamiento de datos en este sitio web lo lleva a cabo el operador del mismo. Puede encontrar los datos de contacto del operador en la secci\u00f3n \u201eInformaci\u00f3n sobre el responsable del tratamiento\u201c de esta pol\u00edtica de privacidad.<\/p>\n<h4>\u00bfC\u00f3mo recogemos sus datos?<\/h4>\n<p>Por un lado, sus datos se recogen cuando usted nos los facilita. Puede tratarse, por ejemplo, de datos que usted introduce en un formulario de contacto.<\/p>\n<p>Nuestros sistemas inform\u00e1ticos recogen otros datos autom\u00e1ticamente o con su consentimiento cuando usted visita el sitio web. Se trata principalmente de datos t\u00e9cnicos (por ejemplo, navegador de Internet, sistema operativo o tiempo de visualizaci\u00f3n de la p\u00e1gina). Estos datos se recogen autom\u00e1ticamente en cuanto usted entra en este sitio web.<\/p>\n<h4>\u00bfPara qu\u00e9 utilizamos sus datos?<\/h4>\n<p>Algunos de los datos se recogen para garantizar que el sitio web se ofrece sin errores. Otros datos pueden utilizarse para analizar su comportamiento como usuario. En caso de que puedan celebrarse o iniciarse contratos a trav\u00e9s del sitio web, los datos transmitidos tambi\u00e9n se procesar\u00e1n para ofertas de contratos, pedidos u otras consultas de pedidos.<\/p>\n<h4>\u00bfQu\u00e9 derechos tiene en relaci\u00f3n con sus datos?<\/h4>\n<p>Tiene derecho a recibir informaci\u00f3n gratuita en cualquier momento sobre el origen, el destinatario y la finalidad de sus datos personales almacenados. Tambi\u00e9n tiene derecho a solicitar la correcci\u00f3n o supresi\u00f3n de estos datos. Si ha dado su consentimiento al tratamiento de datos, puede revocarlo en cualquier momento para el futuro. Tambi\u00e9n tiene derecho a solicitar la limitaci\u00f3n del tratamiento de sus datos personales en determinadas circunstancias. Adem\u00e1s, tiene derecho a presentar una reclamaci\u00f3n ante la autoridad de control competente.<\/p>\n<p>Puede ponerse en contacto con nosotros en cualquier momento si tiene m\u00e1s preguntas sobre el tema de la protecci\u00f3n de datos.<\/p>\n<h2>2. alojamiento<\/h2>\n<p>Alojamos el contenido de nuestro sitio web con el siguiente proveedor:<\/p>\n<h3>Hetzner<\/h3>\n<p>El proveedor es Hetzner Online GmbH, Industriestr. 25, 91710 Gunzenhausen (en lo sucesivo, Hetzner).<\/p>\n<p>Encontrar\u00e1 m\u00e1s detalles en la pol\u00edtica de privacidad de Hetzner: <a href=\"https:\/\/www.hetzner.com\/de\/legal\/privacy-policy\/\" target=\"_blank\" rel=\"noopener noreferrer\">https:\/\/www.hetzner.com\/de\/legal\/privacy-policy\/<\/a>.<\/p>\n<p>El uso de Hetzner se basa en el art. 6 p\u00e1rr. 1 lit. f GDPR. Tenemos un inter\u00e9s leg\u00edtimo en mostrar nuestro sitio web de la forma m\u00e1s fiable posible. Si se ha solicitado el correspondiente consentimiento, el tratamiento se lleva a cabo exclusivamente sobre la base del Art. 6 p\u00e1rr. 1 lit. a GDPR y \u00a7 25 p\u00e1rr. 1 TDDDG, en la medida en que el consentimiento incluya el almacenamiento de cookies o el acceso a informaci\u00f3n en el dispositivo terminal del usuario (por ejemplo, huella digital del dispositivo) en el sentido de la TDDDG. El consentimiento puede revocarse en cualquier momento.<\/p>\n<h4>Tramitaci\u00f3n de pedidos<\/h4>\n<p>Hemos celebrado un acuerdo de tratamiento de datos (APD) para el uso del servicio mencionado. Se trata de un contrato prescrito por la ley de protecci\u00f3n de datos, que garantiza que procesa los datos personales de los visitantes de nuestro sitio web \u00fanicamente de acuerdo con nuestras instrucciones y en cumplimiento del GDPR.<\/p>\n<h2>3 Notas generales e informaci\u00f3n obligatoria<\/h2>\n<h3>Protecci\u00f3n de datos<\/h3>\n<p>Los operadores de estas p\u00e1ginas se toman muy en serio la protecci\u00f3n de sus datos personales. Tratamos sus datos personales de forma confidencial y de conformidad con las disposiciones legales sobre protecci\u00f3n de datos y la presente pol\u00edtica de privacidad.<\/p>\n<p>Cuando usted utiliza este sitio web, se recogen diversos datos personales. Los datos personales son datos que pueden utilizarse para identificarle personalmente. Esta pol\u00edtica de privacidad explica qu\u00e9 datos recogemos y para qu\u00e9 los utilizamos. Tambi\u00e9n explica c\u00f3mo y con qu\u00e9 fin lo hacemos.<\/p>\n<p>Nos gustar\u00eda se\u00f1alar que la transmisi\u00f3n de datos a trav\u00e9s de Internet (por ejemplo, cuando se comunica por correo electr\u00f3nico) puede estar sujeta a vulnerabilidades de seguridad. No es posible proteger completamente los datos contra el acceso de terceros.<\/p>\n<h3>Nota sobre el organismo responsable<\/h3>\n<p>El responsable del tratamiento de datos en este sitio web es<\/p>\n<p>S\u00f6ren Nicola<\/p>\n<p>Spengelgasse 9<br \/>\n71546 Aspach<\/p>\n<p>Tel\u00e9fono: 0172 6039105<br \/>\nCorreo electr\u00f3nico: info@nicola-gartenpflege.de<\/p>\n<p>El responsable del tratamiento es la persona f\u00edsica o jur\u00eddica que, sola o conjuntamente con otras, determina los fines y medios del tratamiento de datos personales (por ejemplo, nombres, direcciones de correo electr\u00f3nico, etc.).<\/p>\n<h3>Duraci\u00f3n del almacenamiento<\/h3>\n<p>A menos que se haya especificado un periodo de conservaci\u00f3n m\u00e1s concreto en esta pol\u00edtica de privacidad, sus datos personales permanecer\u00e1n con nosotros hasta que deje de aplicarse la finalidad del tratamiento de datos. Si hace valer una solicitud justificada de supresi\u00f3n o revoca su consentimiento para el tratamiento de datos, sus datos se suprimir\u00e1n, a menos que tengamos otros motivos legalmente admisibles para almacenar sus datos personales (por ejemplo, periodos de conservaci\u00f3n en virtud de la legislaci\u00f3n fiscal o mercantil); en este \u00faltimo caso, la supresi\u00f3n tendr\u00e1 lugar cuando dejen de aplicarse dichos motivos.<\/p>\n<h3>Informaci\u00f3n general sobre la base jur\u00eddica del tratamiento de datos en este sitio web<\/h3>\n<p>Si ha dado su consentimiento para el tratamiento de datos, procesamos sus datos personales sobre la base del art. 6, apdo. 1 lit. a GDPR o del art. 9, apdo. 2 lit. a GDPR, en la medida en que se procesen categor\u00edas especiales de datos de conformidad con el art. 9, apdo. 1 GDPR. En caso de consentimiento expreso para la transferencia de datos personales a terceros pa\u00edses, el tratamiento de datos tambi\u00e9n se lleva a cabo sobre la base del art. 49, apdo. 1 lit. a GDPR. Si ha dado su consentimiento para el almacenamiento de cookies o el acceso a informaci\u00f3n en su dispositivo final (por ejemplo, a trav\u00e9s de la huella digital del dispositivo), el tratamiento de datos tambi\u00e9n se lleva a cabo sobre la base de la Secci\u00f3n 25 (1) TDDDG. El consentimiento puede revocarse en cualquier momento. Si sus datos son necesarios para el cumplimiento de un contrato o para la aplicaci\u00f3n de medidas precontractuales, procesamos sus datos sobre la base del Art. 6 p\u00e1rrafo 1 lit. b GDPR. Adem\u00e1s, procesamos sus datos si es necesario para cumplir una obligaci\u00f3n legal sobre la base del Art. 6 para. 1 lit. c GDPR. El tratamiento de datos tambi\u00e9n puede llevarse a cabo sobre la base de nuestro inter\u00e9s leg\u00edtimo, de conformidad con el art\u00edculo 6, apartado 1, letra f del RGPD. La informaci\u00f3n sobre las bases jur\u00eddicas pertinentes en cada caso individual se proporciona en los p\u00e1rrafos siguientes de esta pol\u00edtica de privacidad.<\/p>\n<h3>Destinatarios de los datos personales<\/h3>\n<p>En el marco de nuestras actividades empresariales, colaboramos con diversas organizaciones externas. En algunos casos, tambi\u00e9n es necesario transmitir datos personales a estas organizaciones externas. S\u00f3lo transmitimos datos personales a organismos externos si es necesario para el cumplimiento de un contrato, si estamos legalmente obligados a hacerlo (por ejemplo, transmisi\u00f3n de datos a las autoridades fiscales), si tenemos un inter\u00e9s leg\u00edtimo en la transmisi\u00f3n de conformidad con el art\u00edculo 6, apartado 1, letra f del GDPR o si otra base jur\u00eddica permite la transmisi\u00f3n de datos. Cuando utilizamos procesadores, s\u00f3lo transmitimos los datos personales de nuestros clientes sobre la base de un contrato v\u00e1lido para el procesamiento de pedidos. En caso de procesamiento conjunto, se celebra un acuerdo de procesamiento conjunto.<\/p>\n<h3>Revocaci\u00f3n de su consentimiento para el tratamiento de datos<\/h3>\n<p>Muchas operaciones de tratamiento de datos s\u00f3lo son posibles con su consentimiento expreso. Puede revocar su consentimiento en cualquier momento. La legalidad del tratamiento de datos efectuado hasta la revocaci\u00f3n no se ver\u00e1 afectada por \u00e9sta.<\/p>\n<h3>Derecho a oponerse a la recogida de datos en casos especiales y a la mercadotecnia directa (Art. 21 GDPR)<\/h3>\n<p>SI EL TRATAMIENTO DE DATOS SE BASA EN EL ART. 6 ABS. 1 LIT. E O F GDPR, TIENE DERECHO A OPONERSE EN CUALQUIER MOMENTO AL TRATAMIENTO DE SUS DATOS PERSONALES POR MOTIVOS RELACIONADOS CON SU SITUACI\u00d3N PARTICULAR; ESTO TAMBI\u00c9N SE APLICA A LA ELABORACI\u00d3N DE PERFILES BASADA EN ESTAS DISPOSICIONES. LA BASE JUR\u00cdDICA RESPECTIVA EN LA QUE SE BASA EL TRATAMIENTO PUEDE CONSULTARSE EN ESTA POL\u00cdTICA DE PRIVACIDAD. SI SE OPONE, DEJAREMOS DE TRATAR LOS DATOS PERSONALES EN CUESTI\u00d3N, A MENOS QUE PODAMOS DEMOSTRAR MOTIVOS LEG\u00cdTIMOS IMPERIOSOS PARA EL TRATAMIENTO QUE PREVALEZCAN SOBRE SUS INTERESES, DERECHOS Y LIBERTADES, O QUE EL TRATAMIENTO SIRVA PARA EL RECONOCIMIENTO, EJERCICIO O DEFENSA DE RECLAMACIONES LEGALES (OPOSICI\u00d3N CON ARREGLO AL ART\u00cdCULO 21, APARTADO 1, DEL GDPR).<\/p>\n<p>SI SUS DATOS PERSONALES SE TRATAN CON FINES DE MERCADOTECNIA DIRECTA, TIENE DERECHO A OPONERSE EN CUALQUIER MOMENTO AL TRATAMIENTO DE LOS DATOS PERSONALES QUE LE CONCIERNEN CON FINES DE DICHA MERCADOTECNIA; ESTO TAMBI\u00c9N SE APLICA A LA ELABORACI\u00d3N DE PERFILES EN LA MEDIDA EN QUE EST\u00c9 RELACIONADA CON DICHA MERCADOTECNIA DIRECTA. SI SE OPONE, SUS DATOS PERSONALES DEJAR\u00c1N DE UTILIZARSE POSTERIORMENTE PARA FINES DE MERCADOTECNIA DIRECTA (OPOSICI\u00d3N DE CONFORMIDAD CON EL ART\u00cdCULO 21, APARTADO 2, DEL GDPR).<\/p>\n<h3>Derecho a presentar una reclamaci\u00f3n ante la autoridad de control competente<\/h3>\n<p>En caso de infracci\u00f3n del RGPD, los interesados tienen derecho a presentar una reclamaci\u00f3n ante una autoridad de control, en particular en el Estado miembro de su residencia habitual, lugar de trabajo o lugar de la presunta infracci\u00f3n. El derecho a presentar una reclamaci\u00f3n se entiende sin perjuicio de cualquier otro recurso administrativo o judicial.<\/p>\n<h3>Derecho a la portabilidad de los datos<\/h3>\n<p>Tiene derecho a que los datos que tratamos autom\u00e1ticamente sobre la base de su consentimiento o en cumplimiento de un contrato le sean entregados a usted o a un tercero en un formato de uso com\u00fan legible por m\u00e1quina. Si solicita la transferencia directa de los datos a otro responsable del tratamiento, s\u00f3lo se har\u00e1 en la medida en que sea t\u00e9cnicamente viable.<\/p>\n<h3>Informaci\u00f3n, rectificaci\u00f3n y supresi\u00f3n<\/h3>\n<p>En el marco de las disposiciones legales aplicables, usted tiene derecho en todo momento a la libre informaci\u00f3n sobre sus datos personales almacenados, su origen y destinatario y la finalidad del tratamiento de datos y, en caso necesario, derecho a la rectificaci\u00f3n o supresi\u00f3n de estos datos. Puede ponerse en contacto con nosotros en cualquier momento si tiene m\u00e1s preguntas sobre el tema de los datos personales.<\/p>\n<h3>Derecho a la limitaci\u00f3n del tratamiento<\/h3>\n<p>Tiene derecho a solicitar la limitaci\u00f3n del tratamiento de sus datos personales. Para ello, puede ponerse en contacto con nosotros en cualquier momento. El derecho a la limitaci\u00f3n del tratamiento existe en los siguientes casos:<\/p>\n<ul>\n<li>Si impugna la exactitud de sus datos personales almacenados por nosotros, normalmente necesitamos tiempo para comprobarlo. Mientras dure la revisi\u00f3n, tiene derecho a solicitar que se restrinja el tratamiento de sus datos personales.<\/li>\n<li>Si el tratamiento de sus datos personales ha sido o es il\u00edcito, puede solicitar la limitaci\u00f3n del tratamiento de datos en lugar de su supresi\u00f3n.<\/li>\n<li>Si ya no necesitamos sus datos personales, pero usted los necesita para el ejercicio, defensa o reclamaci\u00f3n de acciones legales, tiene derecho a solicitar la limitaci\u00f3n del tratamiento de sus datos personales en lugar de su supresi\u00f3n.<\/li>\n<li>Si ha presentado una objeci\u00f3n de conformidad con el art\u00edculo 21, apartado 1, del RGPD, debe alcanzarse un equilibrio entre sus intereses y los nuestros. Mientras no se haya determinado qu\u00e9 intereses prevalecen, usted tiene derecho a solicitar la restricci\u00f3n del tratamiento de sus datos personales.<\/li>\n<\/ul>\n<p>Si ha restringido el tratamiento de sus datos personales, estos datos -aparte de su almacenamiento- s\u00f3lo podr\u00e1n tratarse con su consentimiento o para el reconocimiento, ejercicio o defensa de un derecho en un procedimiento judicial o para la protecci\u00f3n de los derechos de otra persona f\u00edsica o jur\u00eddica o por razones de inter\u00e9s p\u00fablico importantes de la Uni\u00f3n Europea o de un Estado miembro.<\/p>\n<h3>Cifrado SSL o TLS<\/h3>\n<p>Este sitio utiliza cifrado SSL o TLS por motivos de seguridad y para proteger la transmisi\u00f3n de contenidos confidenciales, como pedidos o consultas que nos env\u00ede como operador del sitio. Puede reconocer una conexi\u00f3n cifrada por el hecho de que la l\u00ednea de direcci\u00f3n del navegador cambia de \u201ehttp:\/\/\u201c a \u201ehttps:\/\/\u201c y por el s\u00edmbolo del candado en la l\u00ednea de su navegador.<\/p>\n<p>Si el cifrado SSL o TLS est\u00e1 activado, los datos que nos transmita no podr\u00e1n ser le\u00eddos por terceros.<\/p>\n<h2>4. recogida de datos en este sitio web<\/h2>\n<h3>Consentimiento con Complianz<\/h3>\n<p>Nuestro sitio web utiliza la tecnolog\u00eda de consentimiento de Complianz para obtener su consentimiento para el almacenamiento de determinadas cookies en su dispositivo final o para el uso de determinadas tecnolog\u00edas y documentarlas de conformidad con la normativa de protecci\u00f3n de datos. El proveedor de esta tecnolog\u00eda es Complianz B.V., Kalmarweg 14-5, 9723 JG Groningen, Pa\u00edses Bajos (en lo sucesivo, \u201eComplianz\u201c).<\/p>\n<p>Complianz est\u00e1 alojado en nuestros servidores, por lo que no se establece ninguna conexi\u00f3n con los servidores del proveedor de Complianz. Complianz almacena una cookie en su navegador para poder asignar los consentimientos que ha dado o revocarlos. Los datos recogidos de este modo se almacenan hasta que usted nos pida que los borremos, borre usted mismo la cookie de Complianz o deje de ser aplicable la finalidad del almacenamiento de los datos. Las obligaciones legales de conservaci\u00f3n no se ver\u00e1n afectadas.<\/p>\n<p>Complianz se utiliza para obtener el consentimiento legalmente requerido para el uso de cookies. La base jur\u00eddica para ello es el art. 6 p\u00e1rr. 1 lit. c GDPR.<\/p>\n<h3>Formulario de contacto<\/h3>\n<p>Si nos env\u00eda consultas a trav\u00e9s del formulario de contacto, sus datos del formulario de consulta, incluidos los datos de contacto que nos facilite all\u00ed, ser\u00e1n almacenados por nosotros con el fin de procesar la consulta y en caso de preguntas de seguimiento. No transmitiremos estos datos sin su consentimiento.<\/p>\n<p>Estos datos se procesan sobre la base del art\u00edculo 6, apartado 1, letra b) del RGPD si su consulta est\u00e1 relacionada con el cumplimiento de un contrato o es necesaria para la aplicaci\u00f3n de medidas precontractuales. En todos los dem\u00e1s casos, el tratamiento se basa en nuestro inter\u00e9s leg\u00edtimo en el tratamiento eficaz de las consultas que se nos dirigen (art. 6, apdo. 1, letra f) del RGPD) o en su consentimiento (art. 6, apdo. 1, letra a) del RGPD) si se ha solicitado; el consentimiento puede revocarse en cualquier momento.<\/p>\n<p>Conservaremos los datos que nos facilite en el formulario de contacto hasta que solicite su supresi\u00f3n, revoque su consentimiento para su almacenamiento o el prop\u00f3sito de su almacenamiento deje de ser pertinente (por ejemplo, tras satisfacer su solicitud). Las disposiciones legales obligatorias -en particular los periodos de conservaci\u00f3n- no se ver\u00e1n afectadas.<\/p>\n<h3>Consulta por correo electr\u00f3nico, tel\u00e9fono o fax<\/h3>\n<p>Si se pone en contacto con nosotros por correo electr\u00f3nico, tel\u00e9fono o fax, su consulta, incluidos todos sus datos personales (nombre, consulta), ser\u00e1 almacenada y procesada por nosotros con el fin de tramitar su solicitud. No transmitiremos estos datos sin su consentimiento.<\/p>\n<p>Estos datos se procesan sobre la base del art\u00edculo 6, apartado 1, letra b) del RGPD si su consulta est\u00e1 relacionada con el cumplimiento de un contrato o es necesaria para la aplicaci\u00f3n de medidas precontractuales. En todos los dem\u00e1s casos, el tratamiento se basa en nuestro inter\u00e9s leg\u00edtimo en el tratamiento eficaz de las consultas que se nos dirigen (art. 6, apdo. 1, letra f) del RGPD) o en su consentimiento (art. 6, apdo. 1, letra a) del RGPD) si se ha solicitado; el consentimiento puede revocarse en cualquier momento.<\/p>\n<p>Los datos que nos env\u00ede a trav\u00e9s de las solicitudes de contacto permanecer\u00e1n con nosotros hasta que nos pida que los borremos, revoque su consentimiento para el almacenamiento o deje de aplicarse el prop\u00f3sito para el almacenamiento de datos (por ejemplo, despu\u00e9s de que se haya procesado su solicitud). Las disposiciones legales obligatorias, en particular los plazos legales de conservaci\u00f3n, no se ver\u00e1n afectadas.<\/p>","protected":false},"excerpt":{"rendered":"<p>1. Datenschutz auf einen Blick Allgemeine Hinweise Die folgenden Hinweise geben einen einfachen \u00dcberblick dar\u00fcber, was mit Ihren personenbezogenen Daten passiert, wenn Sie diese Website besuchen. Personenbezogene Daten sind alle Daten, mit denen Sie pers\u00f6nlich identifiziert werden k\u00f6nnen. Ausf\u00fchrliche Informationen zum Thema Datenschutz entnehmen Sie unserer unter diesem Text aufgef\u00fchrten Datenschutzerkl\u00e4rung. Datenerfassung auf dieser Website [&hellip;]<\/p>\n","protected":false},"author":1,"featured_media":0,"parent":0,"menu_order":1000,"comment_status":"closed","ping_status":"closed","template":"","meta":{"footnotes":""},"class_list":["post-3","page","type-page","status-publish","hentry"],"yoast_head":"<!-- This site is optimized with the Yoast SEO plugin v27.0 - https:\/\/yoast.com\/product\/yoast-seo-wordpress\/ -->\n<title>Datenschutzerkl\u00e4rung - Nicola<\/title>\n<meta name=\"robots\" content=\"index, follow, max-snippet:-1, max-image-preview:large, max-video-preview:-1\" \/>\n<link rel=\"canonical\" href=\"https:\/\/nicola-gartenpflege.de\/es\/datenschutz\/\" \/>\n<meta property=\"og:locale\" content=\"es_ES\" \/>\n<meta property=\"og:type\" content=\"article\" \/>\n<meta property=\"og:title\" content=\"Datenschutzerkl\u00e4rung - Nicola\" \/>\n<meta property=\"og:description\" content=\"1. Datenschutz auf einen Blick Allgemeine Hinweise Die folgenden Hinweise geben einen einfachen \u00dcberblick dar\u00fcber, was mit Ihren personenbezogenen Daten passiert, wenn Sie diese Website besuchen. Personenbezogene Daten sind alle Daten, mit denen Sie pers\u00f6nlich identifiziert werden k\u00f6nnen. Ausf\u00fchrliche Informationen zum Thema Datenschutz entnehmen Sie unserer unter diesem Text aufgef\u00fchrten Datenschutzerkl\u00e4rung. Datenerfassung auf dieser Website [&hellip;]\" \/>\n<meta property=\"og:url\" content=\"https:\/\/nicola-gartenpflege.de\/es\/datenschutz\/\" \/>\n<meta property=\"og:site_name\" content=\"Nicola\" \/>\n<meta property=\"article:modified_time\" content=\"2026-02-16T15:08:48+00:00\" \/>\n<meta name=\"twitter:card\" content=\"summary_large_image\" \/>\n<meta name=\"twitter:label1\" content=\"Tiempo de lectura\" \/>\n\t<meta name=\"twitter:data1\" content=\"13 minutos\" \/>\n<script type=\"application\/ld+json\" class=\"yoast-schema-graph\">{\"@context\":\"https:\/\/schema.org\",\"@graph\":[{\"@type\":\"WebPage\",\"@id\":\"https:\/\/nicola-gartenpflege.de\/datenschutz\/\",\"url\":\"https:\/\/nicola-gartenpflege.de\/datenschutz\/\",\"name\":\"Datenschutzerkl\u00e4rung - Nicola\",\"isPartOf\":{\"@id\":\"https:\/\/nicola-gartenpflege.de\/#website\"},\"datePublished\":\"2026-01-20T09:08:16+00:00\",\"dateModified\":\"2026-02-16T15:08:48+00:00\",\"breadcrumb\":{\"@id\":\"https:\/\/nicola-gartenpflege.de\/datenschutz\/#breadcrumb\"},\"inLanguage\":\"es\",\"potentialAction\":[{\"@type\":\"ReadAction\",\"target\":[\"https:\/\/nicola-gartenpflege.de\/datenschutz\/\"]}]},{\"@type\":\"BreadcrumbList\",\"@id\":\"https:\/\/nicola-gartenpflege.de\/datenschutz\/#breadcrumb\",\"itemListElement\":[{\"@type\":\"ListItem\",\"position\":1,\"name\":\"Start\",\"item\":\"https:\/\/nicola-gartenpflege.de\/\"},{\"@type\":\"ListItem\",\"position\":2,\"name\":\"Datenschutzerkl\u00e4rung\"}]},{\"@type\":\"WebSite\",\"@id\":\"https:\/\/nicola-gartenpflege.de\/#website\",\"url\":\"https:\/\/nicola-gartenpflege.de\/\",\"name\":\"Nicola\",\"description\":\"Garten- &amp; Landschaftsbau\",\"potentialAction\":[{\"@type\":\"SearchAction\",\"target\":{\"@type\":\"EntryPoint\",\"urlTemplate\":\"https:\/\/nicola-gartenpflege.de\/?s={search_term_string}\"},\"query-input\":{\"@type\":\"PropertyValueSpecification\",\"valueRequired\":true,\"valueName\":\"search_term_string\"}}],\"inLanguage\":\"es\"}]}<\/script>\n<!-- \/ Yoast SEO plugin. -->","yoast_head_json":{"title":"Datenschutzerkl\u00e4rung - Nicola","robots":{"index":"index","follow":"follow","max-snippet":"max-snippet:-1","max-image-preview":"max-image-preview:large","max-video-preview":"max-video-preview:-1"},"canonical":"https:\/\/nicola-gartenpflege.de\/es\/datenschutz\/","og_locale":"es_ES","og_type":"article","og_title":"Datenschutzerkl\u00e4rung - Nicola","og_description":"1. Datenschutz auf einen Blick Allgemeine Hinweise Die folgenden Hinweise geben einen einfachen \u00dcberblick dar\u00fcber, was mit Ihren personenbezogenen Daten passiert, wenn Sie diese Website besuchen. Personenbezogene Daten sind alle Daten, mit denen Sie pers\u00f6nlich identifiziert werden k\u00f6nnen. Ausf\u00fchrliche Informationen zum Thema Datenschutz entnehmen Sie unserer unter diesem Text aufgef\u00fchrten Datenschutzerkl\u00e4rung. Datenerfassung auf dieser Website [&hellip;]","og_url":"https:\/\/nicola-gartenpflege.de\/es\/datenschutz\/","og_site_name":"Nicola","article_modified_time":"2026-02-16T15:08:48+00:00","twitter_card":"summary_large_image","twitter_misc":{"Tiempo de lectura":"13 minutos"},"schema":{"@context":"https:\/\/schema.org","@graph":[{"@type":"WebPage","@id":"https:\/\/nicola-gartenpflege.de\/datenschutz\/","url":"https:\/\/nicola-gartenpflege.de\/datenschutz\/","name":"Datenschutzerkl\u00e4rung - Nicola","isPartOf":{"@id":"https:\/\/nicola-gartenpflege.de\/#website"},"datePublished":"2026-01-20T09:08:16+00:00","dateModified":"2026-02-16T15:08:48+00:00","breadcrumb":{"@id":"https:\/\/nicola-gartenpflege.de\/datenschutz\/#breadcrumb"},"inLanguage":"es","potentialAction":[{"@type":"ReadAction","target":["https:\/\/nicola-gartenpflege.de\/datenschutz\/"]}]},{"@type":"BreadcrumbList","@id":"https:\/\/nicola-gartenpflege.de\/datenschutz\/#breadcrumb","itemListElement":[{"@type":"ListItem","position":1,"name":"Start","item":"https:\/\/nicola-gartenpflege.de\/"},{"@type":"ListItem","position":2,"name":"Datenschutzerkl\u00e4rung"}]},{"@type":"WebSite","@id":"https:\/\/nicola-gartenpflege.de\/#website","url":"https:\/\/nicola-gartenpflege.de\/","name":"Nicola","description":"Jardiner\u00eda y paisajismo","potentialAction":[{"@type":"SearchAction","target":{"@type":"EntryPoint","urlTemplate":"https:\/\/nicola-gartenpflege.de\/?s={search_term_string}"},"query-input":{"@type":"PropertyValueSpecification","valueRequired":true,"valueName":"search_term_string"}}],"inLanguage":"es"}]}},"_links":{"self":[{"href":"https:\/\/nicola-gartenpflege.de\/es\/wp-json\/wp\/v2\/pages\/3","targetHints":{"allow":["GET"]}}],"collection":[{"href":"https:\/\/nicola-gartenpflege.de\/es\/wp-json\/wp\/v2\/pages"}],"about":[{"href":"https:\/\/nicola-gartenpflege.de\/es\/wp-json\/wp\/v2\/types\/page"}],"author":[{"embeddable":true,"href":"https:\/\/nicola-gartenpflege.de\/es\/wp-json\/wp\/v2\/users\/1"}],"replies":[{"embeddable":true,"href":"https:\/\/nicola-gartenpflege.de\/es\/wp-json\/wp\/v2\/comments?post=3"}],"version-history":[{"count":4,"href":"https:\/\/nicola-gartenpflege.de\/es\/wp-json\/wp\/v2\/pages\/3\/revisions"}],"predecessor-version":[{"id":438,"href":"https:\/\/nicola-gartenpflege.de\/es\/wp-json\/wp\/v2\/pages\/3\/revisions\/438"}],"wp:attachment":[{"href":"https:\/\/nicola-gartenpflege.de\/es\/wp-json\/wp\/v2\/media?parent=3"}],"curies":[{"name":"wp","href":"https:\/\/api.w.org\/{rel}","templated":true}]}}